{"id":32,"date":"2026-02-13T16:24:43","date_gmt":"2026-02-13T16:24:43","guid":{"rendered":"http:\/\/wp.dusancaplak.sk\/?page_id=32"},"modified":"2026-02-22T18:13:00","modified_gmt":"2026-02-22T18:13:00","slug":"uvod","status":"publish","type":"page","link":"https:\/\/wp.dusancaplak.sk\/","title":{"rendered":"O MNE"},"content":{"rendered":"\n<figure class=\"wp-block-image\"><img loading=\"lazy\" decoding=\"async\" width=\"1728\" height=\"624\" src=\"https:\/\/wp.dusancaplak.sk\/wp-content\/uploads\/2026\/02\/Gemini_Generated_Image_7its7its7its7its-1.png\" alt=\"\" class=\"wp-image-781\" srcset=\"https:\/\/wp.dusancaplak.sk\/wp-content\/uploads\/2026\/02\/Gemini_Generated_Image_7its7its7its7its-1.png 1728w, https:\/\/wp.dusancaplak.sk\/wp-content\/uploads\/2026\/02\/Gemini_Generated_Image_7its7its7its7its-1-300x108.png 300w, https:\/\/wp.dusancaplak.sk\/wp-content\/uploads\/2026\/02\/Gemini_Generated_Image_7its7its7its7its-1-1024x370.png 1024w, https:\/\/wp.dusancaplak.sk\/wp-content\/uploads\/2026\/02\/Gemini_Generated_Image_7its7its7its7its-1-768x277.png 768w, https:\/\/wp.dusancaplak.sk\/wp-content\/uploads\/2026\/02\/Gemini_Generated_Image_7its7its7its7its-1-1536x555.png 1536w\" sizes=\"auto, (max-width: 1728px) 100vw, 1728px\" \/><\/figure>\n\n\n\n<div style=\"height:44px\" aria-hidden=\"true\" class=\"wp-block-spacer\"><\/div>\n\n\n\n<h2 class=\"wp-block-heading\"><strong>Hudba \u010capl\u00e1k \u2013 Profesion\u00e1lna hudobn\u00e1 produkcia pre ka\u017ed\u00fa pr\u00edle\u017eitos\u0165<\/strong><\/h2>\n\n\n\n<p>Svoju kari\u00e9ru spev\u00e1ka a hudobn\u00edka som od\u0161tartoval v roku 1994. Za viac ako tri desa\u0165ro\u010dia na sc\u00e9ne som svoje vyst\u00fapenia obohatil o profesion\u00e1lny DJing, moderovanie a imitovanie spev\u00e1kov, \u010d\u00edm som vytvoril jedine\u010dn\u00fd form\u00e1t z\u00e1bavy \u201ev\u0161etko v jednom\u201c. Som v\u0161estrann\u00fd umelec, ktor\u00fd v\u010faka svojej prirodzenej charizme a podmaniv\u00e9mu baryt\u00f3nu dok\u00e1\u017ee hlasom prenies\u0165 hlbok\u00fa em\u00f3ciu do piesn\u00ed.<\/p>\n\n\n\n<p>M\u00f4j hlasov\u00fd prejav je charakteristick\u00fd farbou a silou ve\u013emi podobnou Karolovi Ducho\u0148ovi, \u010do potvrdzuj\u00fa aj moje \u00faspechy. Som laure\u00e1tom Kantil\u00e9ny Karola Ducho\u0148a a dr\u017eite\u013eom titulu, ktor\u00fd patr\u00ed len t\u00fdm najlep\u0161\u00edm hlasom. V roku 2021 som v Galante na festivale Kantil\u00e9na z\u00edskal s pies\u0148ou \u201eDiev\u010da z Budmer\u00edc\u201c <strong>CENU KAROLA DUCHO\u0147A<\/strong>. Pr\u00e1ve tento cit pre interpret\u00e1ciu a energiu vn\u00e1\u0161am do ka\u017ed\u00e9ho jedn\u00e9ho vyst\u00fapenia.<\/p>\n\n\n\n<p><strong>\u0160pecializujem sa na komplexn\u00e9 hudobn\u00e9 zabezpe\u010denie t\u00fdchto podujat\u00ed:<\/strong><\/p>\n\n\n\n<ul class=\"wp-block-list\">\n<li><strong>Svadby:<\/strong> Kompletn\u00fd servis od uv\u00edtania host\u00ed a\u017e po rann\u00fa diskot\u00e9ku.<\/li>\n\n\n\n<li><strong>Plesy a b\u00e1ly:<\/strong> Elegantn\u00e9 moderovanie prepojen\u00e9 s dynamickou hudobnou produkciou.<\/li>\n\n\n\n<li><strong>Rodinn\u00e9 oslavy a jubile\u00e1:<\/strong> Hudba prisp\u00f4soben\u00e1 vekov\u00e9mu zlo\u017eeniu host\u00ed a srde\u010dn\u00e1 atmosf\u00e9ra.<\/li>\n\n\n\n<li><strong>\u013dudov\u00e9 z\u00e1bavy a ve\u010dierky:<\/strong> \u017div\u00e1 hudba, ktor\u00e1 rozspieva ka\u017ed\u00e9ho stolovn\u00edka.<\/li>\n\n\n\n<li><strong>Verejn\u00e9 vyst\u00fapenia:<\/strong> Profesion\u00e1lne spev\u00e1cke vyst\u00fapenia na n\u00e1mestiach, d\u0148och obc\u00ed, jarmokoch, v k\u00fape\u013eoch, hoteloch at\u010f.<\/li>\n<\/ul>\n\n\n\n<p><strong>Pre\u010do si vybra\u0165 HUDBU \u010cAPL\u00c1K?<\/strong><br>Pon\u00fakam unik\u00e1tnu kombin\u00e1ciu, ktor\u00fa na trhu h\u013ead\u00e1te: \u017eiv\u00fd spev a hru na kl\u00e1vesov\u00fd n\u00e1stroj prestriedan\u00fa s DJ-skou produkciou. Ako sk\u00fasen\u00fd imit\u00e1tor a moder\u00e1tor navy\u0161e dod\u00e1m v\u00e1\u0161mu podujatiu vtip, osobit\u00e9 \u010daro a origin\u00e1lnu iskru. S mojou produkciou m\u00e1te istotu, \u017ee parket bude pln\u00fd od za\u010diatku a\u017e do konca.<\/p>\n\n\n\n<div style=\"height:13px\" aria-hidden=\"true\" class=\"wp-block-spacer\"><\/div>\n\n\n\n<div class=\"wp-block-columns is-layout-flex wp-container-core-columns-is-layout-9d6595d7 wp-block-columns-is-layout-flex\">\n<div class=\"wp-block-column is-layout-flow wp-block-column-is-layout-flow\">\n<figure class=\"wp-block-image size-large\"><img loading=\"lazy\" decoding=\"async\" width=\"576\" height=\"1024\" src=\"https:\/\/wp.dusancaplak.sk\/wp-content\/uploads\/2026\/02\/DSC_0243-576x1024.jpg\" alt=\"\" class=\"wp-image-786\" srcset=\"https:\/\/wp.dusancaplak.sk\/wp-content\/uploads\/2026\/02\/DSC_0243-576x1024.jpg 576w, https:\/\/wp.dusancaplak.sk\/wp-content\/uploads\/2026\/02\/DSC_0243-169x300.jpg 169w, https:\/\/wp.dusancaplak.sk\/wp-content\/uploads\/2026\/02\/DSC_0243-768x1365.jpg 768w, https:\/\/wp.dusancaplak.sk\/wp-content\/uploads\/2026\/02\/DSC_0243-864x1536.jpg 864w, https:\/\/wp.dusancaplak.sk\/wp-content\/uploads\/2026\/02\/DSC_0243-1152x2048.jpg 1152w, https:\/\/wp.dusancaplak.sk\/wp-content\/uploads\/2026\/02\/DSC_0243-scaled.jpg 1440w\" sizes=\"auto, (max-width: 576px) 100vw, 576px\" \/><\/figure>\n<\/div>\n\n\n\n<div class=\"wp-block-column is-layout-flow wp-block-column-is-layout-flow\">\n<figure class=\"wp-block-image size-large\"><img loading=\"lazy\" decoding=\"async\" width=\"472\" height=\"1024\" src=\"https:\/\/wp.dusancaplak.sk\/wp-content\/uploads\/2026\/02\/My-na-CD-472x1024.jpg\" alt=\"\" class=\"wp-image-789\" srcset=\"https:\/\/wp.dusancaplak.sk\/wp-content\/uploads\/2026\/02\/My-na-CD-472x1024.jpg 472w, https:\/\/wp.dusancaplak.sk\/wp-content\/uploads\/2026\/02\/My-na-CD-138x300.jpg 138w, https:\/\/wp.dusancaplak.sk\/wp-content\/uploads\/2026\/02\/My-na-CD-768x1667.jpg 768w, https:\/\/wp.dusancaplak.sk\/wp-content\/uploads\/2026\/02\/My-na-CD-708x1536.jpg 708w, https:\/\/wp.dusancaplak.sk\/wp-content\/uploads\/2026\/02\/My-na-CD-944x2048.jpg 944w, https:\/\/wp.dusancaplak.sk\/wp-content\/uploads\/2026\/02\/My-na-CD.jpg 997w\" sizes=\"auto, (max-width: 472px) 100vw, 472px\" \/><\/figure>\n<\/div>\n\n\n\n<div class=\"wp-block-column is-layout-flow wp-block-column-is-layout-flow\">\n<figure class=\"wp-block-image size-large\"><img loading=\"lazy\" decoding=\"async\" width=\"731\" height=\"1024\" src=\"https:\/\/wp.dusancaplak.sk\/wp-content\/uploads\/2026\/02\/Dusan-2018-1-731x1024.jpg\" alt=\"\" class=\"wp-image-788\" srcset=\"https:\/\/wp.dusancaplak.sk\/wp-content\/uploads\/2026\/02\/Dusan-2018-1-731x1024.jpg 731w, https:\/\/wp.dusancaplak.sk\/wp-content\/uploads\/2026\/02\/Dusan-2018-1-214x300.jpg 214w, https:\/\/wp.dusancaplak.sk\/wp-content\/uploads\/2026\/02\/Dusan-2018-1-768x1076.jpg 768w, https:\/\/wp.dusancaplak.sk\/wp-content\/uploads\/2026\/02\/Dusan-2018-1-1097x1536.jpg 1097w, https:\/\/wp.dusancaplak.sk\/wp-content\/uploads\/2026\/02\/Dusan-2018-1-1462x2048.jpg 1462w, https:\/\/wp.dusancaplak.sk\/wp-content\/uploads\/2026\/02\/Dusan-2018-1.jpg 1535w\" sizes=\"auto, (max-width: 731px) 100vw, 731px\" \/><\/figure>\n<\/div>\n<\/div>\n\n\n\n<p><strong>Uk\u00e1\u017eky n\u00e1\u0161ho \u00fa\u010dinkovania na akci\u00e1ch n\u00e1jdete na mojom<\/strong> <strong><a href=\"https:\/\/www.youtube.com\/channel\/UC1N8AlV7SZDyustix4ovrGg\">YouTube<\/a> kan\u00e1li<\/strong><\/p>\n\n\n\n<div style=\"height:21px\" aria-hidden=\"true\" class=\"wp-block-spacer\"><\/div>\n\n\n\n<p>Ak m\u00e1te z\u00e1ujem o moju hudobn\u00fa produkciu na va\u0161ej svadbe, rodinnej oslave, plese,firemnej akcii ,alebo inej spolo\u010denskej udalosti, zavolajte na telef\u00f3nne \u010d\u00edslo: <strong>+421 905-211-910<\/strong> alebo mi jednoducho nap\u00ed\u0161te na <a href=\"mailto:info@dusancaplak.sk\">info@dusancaplak.sk<\/a> , alebo na <a href=\"https:\/\/www.facebook.com\/hudbacaplak\/\">FACEBOOK<\/a>. Na v\u0161etky Va\u0161e ot\u00e1zky odpoviem v \u010do najkrat\u0161om term\u00edne aby som V\u00e1m pomohol zorientova\u0165 sa v mojej hudobnej ponuke.<\/p>\n\n\n\n<div style=\"height:12px\" aria-hidden=\"true\" class=\"wp-block-spacer\"><\/div>\n\n\n\n<p>&#8221; Ak potrebujete <strong>nez\u00e1v\u00e4zn\u00fa cenov\u00fa ponuku<\/strong>, <strong>inform\u00e1cie<\/strong> alebo si chcete <strong>zarezervova\u0165 term\u00edn<\/strong> pros\u00edm vypl\u0148te <a href=\"http:\/\/wp.dusancaplak.sk\/?page_id=192\">kontaktn\u00fd formul\u00e1r<\/a> s va\u0161ou po\u017eiadavkou.<\/p>\n\n\n\n<h2 class=\"wp-block-heading\">NIE\u010cO Z MOJEJ MLADOSTI:<\/h2>\n\n\n\n<p>V tejto \u010dasti som pre V\u00e1s pripravil zop\u00e1r fotografi\u00ed&nbsp; spolu s textami \u010dl\u00e1nkov, ktor\u00e9 boli uverejnen\u00e9 v dostupn\u00fdch region\u00e1lnych novin\u00e1ch.<\/p>\n\n\nngg_shortcode_0_placeholder\n\n\n\n<div class=\"wp-block-contact-form-7-contact-form-selector\">\n<div class=\"wpcf7 no-js\" id=\"wpcf7-f196-o1\" lang=\"en-US\" dir=\"ltr\" data-wpcf7-id=\"196\">\n<div class=\"screen-reader-response\"><p role=\"status\" aria-live=\"polite\" aria-atomic=\"true\"><\/p> <ul><\/ul><\/div>\n<form action=\"\/index.php?rest_route=%2Fwp%2Fv2%2Fpages%2F32#wpcf7-f196-o1\" method=\"post\" class=\"wpcf7-form init\" aria-label=\"Contact form\" novalidate=\"novalidate\" data-status=\"init\">\n<fieldset class=\"hidden-fields-container\"><input type=\"hidden\" name=\"_wpcf7\" value=\"196\" \/><input type=\"hidden\" name=\"_wpcf7_version\" value=\"6.1.5\" \/><input type=\"hidden\" name=\"_wpcf7_locale\" value=\"en_US\" \/><input type=\"hidden\" name=\"_wpcf7_unit_tag\" value=\"wpcf7-f196-o1\" \/><input type=\"hidden\" name=\"_wpcf7_container_post\" value=\"0\" \/><input type=\"hidden\" name=\"_wpcf7_posted_data_hash\" value=\"\" \/>\n<\/fieldset>\n<p><label> Va\u0161e meno:<br \/>\n<span class=\"wpcf7-form-control-wrap\" data-name=\"your-name\"><input size=\"40\" maxlength=\"400\" class=\"wpcf7-form-control wpcf7-text wpcf7-validates-as-required\" autocomplete=\"name\" aria-required=\"true\" aria-invalid=\"false\" value=\"\" type=\"text\" name=\"your-name\" \/><\/span> <\/label>\n<\/p>\n<p><label> V\u00e1\u0161 e-mail:<br \/>\n<span class=\"wpcf7-form-control-wrap\" data-name=\"your-email\"><input size=\"40\" maxlength=\"400\" class=\"wpcf7-form-control wpcf7-email wpcf7-validates-as-required wpcf7-text wpcf7-validates-as-email\" autocomplete=\"email\" aria-required=\"true\" aria-invalid=\"false\" value=\"\" type=\"email\" name=\"your-email\" \/><\/span> <\/label>\n<\/p>\n<p><label> Predmet:<br \/>\n<span class=\"wpcf7-form-control-wrap\" data-name=\"your-subject\"><input size=\"40\" maxlength=\"400\" class=\"wpcf7-form-control wpcf7-text wpcf7-validates-as-required\" aria-required=\"true\" aria-invalid=\"false\" value=\"\" type=\"text\" name=\"your-subject\" \/><\/span> <\/label>\n<\/p>\n<p><label> D\u00e1tum akcie:<br \/>\n<span class=\"wpcf7-form-control-wrap\" data-name=\"date-179\"><input class=\"wpcf7-form-control wpcf7-date wpcf7-validates-as-date\" aria-invalid=\"false\" value=\"\" type=\"date\" name=\"date-179\" \/><\/span> <\/label>\n<\/p>\n<p><label> Va\u0161a spr\u00e1va:(objedn\u00e1vka)<br \/>\n<span class=\"wpcf7-form-control-wrap\" data-name=\"your-message\"><textarea cols=\"40\" rows=\"10\" maxlength=\"2000\" class=\"wpcf7-form-control wpcf7-textarea\" aria-invalid=\"false\" name=\"your-message\"><\/textarea><\/span> <\/label>\n<\/p>\n<p><input class=\"wpcf7-form-control wpcf7-submit has-spinner\" type=\"submit\" value=\"Odosla\u0165 spr\u00e1vu\" \/>\n<\/p><div class=\"wpcf7-response-output\" aria-hidden=\"true\"><\/div>\n<\/form>\n<\/div>\n<\/div>\n","protected":false},"excerpt":{"rendered":"<p>Hudba \u010capl\u00e1k \u2013 Profesion\u00e1lna hudobn\u00e1 produkcia pre ka\u017ed\u00fa pr\u00edle\u017eitos\u0165 Svoju kari\u00e9ru spev\u00e1ka a hudobn\u00edka som od\u0161tartoval v roku 1994. Za viac ako tri desa\u0165ro\u010dia na sc\u00e9ne som svoje vyst\u00fapenia obohatil o profesion\u00e1lny DJing, moderovanie a imitovanie spev\u00e1kov, \u010d\u00edm som vytvoril jedine\u010dn\u00fd form\u00e1t z\u00e1bavy \u201ev\u0161etko v jednom\u201c. Som v\u0161estrann\u00fd umelec, ktor\u00fd v\u010faka svojej prirodzenej charizme a <a class=\"more-link\" href=\"https:\/\/wp.dusancaplak.sk\/\">Continue reading <i class=\"fa fa-chevron-right\"><\/i><\/a><\/p>\n","protected":false},"author":1,"featured_media":0,"parent":0,"menu_order":0,"comment_status":"closed","ping_status":"closed","template":"","meta":{"ngg_post_thumbnail":0,"footnotes":""},"class_list":["post-32","page","type-page","status-publish","hentry"],"_links":{"self":[{"href":"https:\/\/wp.dusancaplak.sk\/index.php?rest_route=\/wp\/v2\/pages\/32","targetHints":{"allow":["GET"]}}],"collection":[{"href":"https:\/\/wp.dusancaplak.sk\/index.php?rest_route=\/wp\/v2\/pages"}],"about":[{"href":"https:\/\/wp.dusancaplak.sk\/index.php?rest_route=\/wp\/v2\/types\/page"}],"author":[{"embeddable":true,"href":"https:\/\/wp.dusancaplak.sk\/index.php?rest_route=\/wp\/v2\/users\/1"}],"replies":[{"embeddable":true,"href":"https:\/\/wp.dusancaplak.sk\/index.php?rest_route=%2Fwp%2Fv2%2Fcomments&post=32"}],"version-history":[{"count":63,"href":"https:\/\/wp.dusancaplak.sk\/index.php?rest_route=\/wp\/v2\/pages\/32\/revisions"}],"predecessor-version":[{"id":790,"href":"https:\/\/wp.dusancaplak.sk\/index.php?rest_route=\/wp\/v2\/pages\/32\/revisions\/790"}],"wp:attachment":[{"href":"https:\/\/wp.dusancaplak.sk\/index.php?rest_route=%2Fwp%2Fv2%2Fmedia&parent=32"}],"curies":[{"name":"wp","href":"https:\/\/api.w.org\/{rel}","templated":true}]}}