{"id":38,"date":"2026-02-13T16:32:51","date_gmt":"2026-02-13T16:32:51","guid":{"rendered":"http:\/\/wp.dusancaplak.sk\/?page_id=38"},"modified":"2026-02-27T23:02:21","modified_gmt":"2026-02-27T23:02:21","slug":"cd","status":"publish","type":"page","link":"https:\/\/wp.dusancaplak.sk\/?page_id=38","title":{"rendered":"CD"},"content":{"rendered":"\n<div class=\"wp-block-columns is-layout-flex wp-container-core-columns-is-layout-9d6595d7 wp-block-columns-is-layout-flex\">\n<div class=\"wp-block-column is-layout-flow wp-block-column-is-layout-flow\">\n<figure class=\"wp-block-image size-large\"><img loading=\"lazy\" decoding=\"async\" width=\"850\" height=\"1024\" src=\"http:\/\/wp.dusancaplak.sk\/wp-content\/uploads\/2026\/02\/CD_Dusan_CAPLAK_1_Reklama-850x1024.jpg\" alt=\"\" class=\"wp-image-851\" srcset=\"https:\/\/wp.dusancaplak.sk\/wp-content\/uploads\/2026\/02\/CD_Dusan_CAPLAK_1_Reklama-850x1024.jpg 850w, https:\/\/wp.dusancaplak.sk\/wp-content\/uploads\/2026\/02\/CD_Dusan_CAPLAK_1_Reklama-249x300.jpg 249w, https:\/\/wp.dusancaplak.sk\/wp-content\/uploads\/2026\/02\/CD_Dusan_CAPLAK_1_Reklama-768x925.jpg 768w, https:\/\/wp.dusancaplak.sk\/wp-content\/uploads\/2026\/02\/CD_Dusan_CAPLAK_1_Reklama-1275x1536.jpg 1275w, https:\/\/wp.dusancaplak.sk\/wp-content\/uploads\/2026\/02\/CD_Dusan_CAPLAK_1_Reklama.jpg 1552w\" sizes=\"auto, (max-width: 850px) 100vw, 850px\" \/><\/figure>\n<\/div>\n\n\n\n<div class=\"wp-block-column is-layout-flow wp-block-column-is-layout-flow\">\n<p><strong>CD: \u010cas na \u013eudovky ( 2020 )<\/strong><\/p>\n\n\n<p>01.  <a href=\"http:\/\/wp.dusancaplak.sk\/wp-content\/uploads\/2026\/02\/01.Kuty_.mp3\">K\u00faty<\/a><br \/>\n02.\u00a0 <a href=\"http:\/\/wp.dusancaplak.sk\/wp-content\/uploads\/2026\/02\/02.Po-nabrezi-Anka.mp3\">Po nabrezi &#8211; Anka<\/a><br \/>\n03.\u00a0 <a href=\"http:\/\/wp.dusancaplak.sk\/wp-content\/uploads\/2026\/02\/03.Kade-chodim-Nadeje.mp3\">Kade-chodim-Nadeje<\/a><br \/>\n04.\u00a0 <a href=\"http:\/\/wp.dusancaplak.sk\/wp-content\/uploads\/2026\/02\/04.Ceske-polky.mp3\">Ceske polky<\/a><br \/>\n05.\u00a0 <a href=\"http:\/\/wp.dusancaplak.sk\/wp-content\/uploads\/2026\/02\/05.Andrejka.mp3\">Andrejka<\/a><br \/>\n06.\u00a0 <a href=\"http:\/\/wp.dusancaplak.sk\/wp-content\/uploads\/2026\/02\/06.Na-kralovej-holi-Sokoly-Este-som-sa-neozenil.mp3\">Na kralovej holi \u2013 Sokoly \u2013 Este som sa neozenil<\/a><br \/>\n07.\u00a0 <a href=\"http:\/\/wp.dusancaplak.sk\/wp-content\/uploads\/2026\/02\/07.Tece-voda-tece.mp3\">Tece-voda-tece<\/a><br \/>\n08.\u00a0 <a href=\"http:\/\/wp.dusancaplak.sk\/wp-content\/uploads\/2026\/02\/08.Hruska-Nepovec-ty-Mamko-moja.mp3\">Hruska \u2013 Nepovec ty \u2013 Mamko moja<\/a><br \/>\n09.\u00a0 <a href=\"http:\/\/wp.dusancaplak.sk\/wp-content\/uploads\/2026\/02\/09.Vcielka.mp3\">Vcielka<\/a><br \/>\n10.\u00a0 <a href=\"http:\/\/wp.dusancaplak.sk\/wp-content\/uploads\/2026\/02\/10.Nedaleko-mlyna-Marysa-Levoca.mp3\"> Nedaleko mlyna \u2013 Marysa \u2013 Levoca<\/a><br \/>\n11.\u00a0 <a href=\"http:\/\/wp.dusancaplak.sk\/wp-content\/uploads\/2026\/02\/11.Bol-vecer-tichy.mp3\">Bol vecer tichy<\/a><br \/>\n12.\u00a0 <a href=\"http:\/\/wp.dusancaplak.sk\/wp-content\/uploads\/2026\/02\/12.Pod-Tatrami-Ku-Praze-Dva-duby.mp3\"> Pod Tatrami \u2013 Ku Praze \u2013 Dva duby<\/a><\/p>\n<\/div>\n<\/div>\n\n\n\n<div class=\"wp-block-columns is-layout-flex wp-container-core-columns-is-layout-9d6595d7 wp-block-columns-is-layout-flex\">\n<div class=\"wp-block-column is-layout-flow wp-block-column-is-layout-flow\">\n<figure class=\"wp-block-image size-full is-resized\"><img loading=\"lazy\" decoding=\"async\" width=\"337\" height=\"341\" src=\"http:\/\/wp.dusancaplak.sk\/wp-content\/uploads\/2026\/02\/CD_4.jpg\" alt=\"\" class=\"wp-image-377\" style=\"width:401px;height:auto\" srcset=\"https:\/\/wp.dusancaplak.sk\/wp-content\/uploads\/2026\/02\/CD_4.jpg 337w, https:\/\/wp.dusancaplak.sk\/wp-content\/uploads\/2026\/02\/CD_4-296x300.jpg 296w, https:\/\/wp.dusancaplak.sk\/wp-content\/uploads\/2026\/02\/CD_4-60x60.jpg 60w\" sizes=\"auto, (max-width: 337px) 100vw, 337px\" \/><\/figure>\n<\/div>\n\n\n\n<div class=\"wp-block-column is-layout-flow wp-block-column-is-layout-flow\">\n<p><strong>CD: Tancuj &nbsp;so mnou (2009)<\/strong><\/p>\n\n\n<p>01. sm\u00fatok kr\u00e1snzch diev\u010dat<br \/>\n02. ve\u010f mn\u011b d\u00e1l, cesto m\u00e1<br \/>\n03. nemo\u017en\u00e1<br \/>\n04. ona je kr\u00e1sna<br \/>\n05. ke\u010f \u0165a nech\u00e1 diev\u010da<br \/>\n06. spr\u00e1vne diev\u010da<br \/>\n07. tab\u00e1\u010dek<br \/>\n08. zanedban\u00fd sex<br \/>\n09. mumuland<br \/>\n10. holky z na\u0161ej \u0161k\u00f4lky<br \/>\n11. in\u00e1 \u017eena<br \/>\n12. \u010desk\u00fd country mix<br \/>\n13. diev\u010dat\u00e1<br \/>\n14. niekto ti to povie<br \/>\n15. jo\u017ein z ba\u017ein<br \/>\n16. mne ku \u0161tastiu sta\u010d\u00ed<br \/>\n17. dlouh\u00e1 noc<br \/>\n18. cig\u00e1nsky mix<\/p>\n<\/div>\n<\/div>\n\n\n\n<div class=\"wp-block-columns is-layout-flex wp-container-core-columns-is-layout-9d6595d7 wp-block-columns-is-layout-flex\">\n<div class=\"wp-block-column is-layout-flow wp-block-column-is-layout-flow\">\n<figure class=\"wp-block-image size-full is-resized\"><img loading=\"lazy\" decoding=\"async\" width=\"337\" height=\"341\" src=\"http:\/\/wp.dusancaplak.sk\/wp-content\/uploads\/2026\/02\/CD_1.jpg\" alt=\"\" class=\"wp-image-368\" style=\"width:404px;height:auto\" srcset=\"https:\/\/wp.dusancaplak.sk\/wp-content\/uploads\/2026\/02\/CD_1.jpg 337w, https:\/\/wp.dusancaplak.sk\/wp-content\/uploads\/2026\/02\/CD_1-296x300.jpg 296w, https:\/\/wp.dusancaplak.sk\/wp-content\/uploads\/2026\/02\/CD_1-60x60.jpg 60w\" sizes=\"auto, (max-width: 337px) 100vw, 337px\" \/><\/figure>\n<\/div>\n\n\n\n<div class=\"wp-block-column is-layout-flow wp-block-column-is-layout-flow\">\n<p><strong>CD: Od srdca k srdcu 2<\/strong> <strong>(2004)<\/strong><\/p>\n\n\n<p>01.\u00a0 <a href=\"http:\/\/wp.dusancaplak.sk\/wp-content\/uploads\/2013\/12\/01.V-DOLINACH.mp3\">V dolin\u00e1ch<\/a><br \/>\n02.\u00a0 <a href=\"http:\/\/wp.dusancaplak.sk\/wp-content\/uploads\/2013\/12\/02.BLAZNOVA-UKOLEBAVKA.mp3\">Bl\u00e1znov\u00e1 ukol\u00e9b\u00e1vka<\/a><br \/>\n03.\u00a0 <a href=\"http:\/\/wp.dusancaplak.sk\/wp-content\/uploads\/2013\/12\/03.ZAVRI-OCI-PADA-DAZD.mp3\">Zavri o\u010di pad\u00e1 d\u00e1\u017e\u010f<\/a><br \/>\n04.\u00a0 <a href=\"http:\/\/wp.dusancaplak.sk\/wp-content\/uploads\/2013\/12\/04.PISEN-PRO-KRISTINKU.mp3\">Piese\u0148 pre Krist\u00ednku<\/a><br \/>\n05.\u00a0 <a href=\"http:\/\/wp.dusancaplak.sk\/wp-content\/uploads\/2013\/12\/05.ODPUST-MI-LASKA.mp3\">Odpus\u0165 mi l\u00e1ska<\/a><br \/>\n06.\u00a0 <a href=\"http:\/\/wp.dusancaplak.sk\/wp-content\/uploads\/2013\/12\/06.OKNO-ME-LASKY.mp3\">Okno m\u00e9 l\u00e1sky<\/a><br \/>\n07.\u00a0 <a href=\"http:\/\/wp.dusancaplak.sk\/wp-content\/uploads\/2013\/12\/07.VSETKYM-DIEVCATAM.mp3\">V\u0161etk\u00fdm diev\u010dat\u00e1m<\/a><br \/>\n08.\u00a0 <a href=\"http:\/\/wp.dusancaplak.sk\/wp-content\/uploads\/2013\/12\/08.CO-BOLITO-PREBOLI.mp3\">\u010co bol\u00ed, to prebol\u00ed<\/a><br \/>\n09.\u00a0 <a href=\"http:\/\/wp.dusancaplak.sk\/wp-content\/uploads\/2013\/12\/09.TAK-SA-NEBOJMAMA.mp3\">Tak sa neboj mama<\/a><br \/>\n10.\u00a0 <a href=\"http:\/\/wp.dusancaplak.sk\/wp-content\/uploads\/2013\/12\/10.NEJVIETSI-Z-NALEZU-A-STRAT.mp3\">Nejv\u011bt\u0161\u00ed z n\u00e1lez\u00fa a str\u00e1t<\/a><br \/>\n11.\u00a0 <a href=\"http:\/\/wp.dusancaplak.sk\/wp-content\/uploads\/2013\/12\/11.NEVIEM-BYT-SAM.mp3\">Neviem by\u0165 s\u00e1m<\/a><br \/>\n12.\u00a0 <a href=\"http:\/\/wp.dusancaplak.sk\/wp-content\/uploads\/2013\/12\/12.BIELY-KVET.mp3\">Biely kvet<\/a><br \/>\n13.\u00a0 <a href=\"http:\/\/wp.dusancaplak.sk\/wp-content\/uploads\/2013\/12\/13.DETI-Z-PIREA.mp3\">Deti z pirea<\/a><br \/>\n14.\u00a0 <a href=\"http:\/\/wp.dusancaplak.sk\/wp-content\/uploads\/2013\/12\/14.GALEJNIK.mp3\">Galejn\u00edk<\/a><br \/>\n15.\u00a0 <a href=\"http:\/\/wp.dusancaplak.sk\/wp-content\/uploads\/2013\/12\/15.BON-SOIR-MADEMOISELLE-PARIS.mp3\">Bon soir mademoiselle Paris<\/a><br \/>\n16.\u00a0 <a href=\"http:\/\/wp.dusancaplak.sk\/wp-content\/uploads\/2013\/12\/16.VRAT-TROCHU-LASKY-MEDZI-NAS.mp3\">Vr\u00e1\u0165\u00a0 trochu l\u00e1sky medzi n\u00e1s<\/a><br \/>\n17.\u00a0 <a href=\"http:\/\/wp.dusancaplak.sk\/wp-content\/uploads\/2013\/12\/17.JASNA-ZPRAVA.mp3\">Jasn\u00e1 zpr\u00e1va<\/a><\/p>\n<\/div>\n<\/div>\n\n\n\n<div class=\"wp-block-columns is-layout-flex wp-container-core-columns-is-layout-9d6595d7 wp-block-columns-is-layout-flex\">\n<div class=\"wp-block-column is-layout-flow wp-block-column-is-layout-flow\">\n<figure class=\"wp-block-image size-full is-resized\"><img loading=\"lazy\" decoding=\"async\" width=\"337\" height=\"341\" src=\"http:\/\/wp.dusancaplak.sk\/wp-content\/uploads\/2026\/02\/CD_5.jpg\" alt=\"\" class=\"wp-image-382\" style=\"aspect-ratio:0.9882930092540975;width:401px;height:auto\" srcset=\"https:\/\/wp.dusancaplak.sk\/wp-content\/uploads\/2026\/02\/CD_5.jpg 337w, https:\/\/wp.dusancaplak.sk\/wp-content\/uploads\/2026\/02\/CD_5-296x300.jpg 296w, https:\/\/wp.dusancaplak.sk\/wp-content\/uploads\/2026\/02\/CD_5-60x60.jpg 60w\" sizes=\"auto, (max-width: 337px) 100vw, 337px\" \/><\/figure>\n<\/div>\n\n\n\n<div class=\"wp-block-column is-layout-flow wp-block-column-is-layout-flow\">\n<p><strong>CD: V\u00fdber hitov ( 2003 )<\/strong><\/p>\n\n\n<p>01. <a href=\"http:\/\/wp.dusancaplak.sk\/wp-content\/uploads\/2013\/12\/01.MASINKA.mp3\">Jede jede ma\u0161inka<\/a><br \/>\n02. <a href=\"http:\/\/wp.dusancaplak.sk\/wp-content\/uploads\/2013\/12\/02.NEW-YORK.mp3\">New York<\/a><br \/>\n03. <a href=\"http:\/\/wp.dusancaplak.sk\/wp-content\/uploads\/2013\/12\/03.PRETTY-WOMAN.mp3\">Pretty Woman<\/a><br \/>\n04. <a href=\"http:\/\/wp.dusancaplak.sk\/wp-content\/uploads\/2013\/12\/04.NACO-POJDEM-DOMOU.mp3\">Na\u010do p\u00f4jdem domov<\/a><br \/>\n05. <a href=\"http:\/\/wp.dusancaplak.sk\/wp-content\/uploads\/2013\/12\/05.ZELENA-JE-TRAVA.mp3\">Zelen\u00e1 je tr\u00e1va<\/a><br \/>\n06. <a href=\"http:\/\/wp.dusancaplak.sk\/wp-content\/uploads\/2013\/12\/06.VOLARE.mp3\">Volare<\/a><br \/>\n07. <a href=\"http:\/\/wp.dusancaplak.sk\/wp-content\/uploads\/2013\/12\/07.YOURE-A-WOMAN.mp3\">You&#8217;re a Woman<\/a><br \/>\n08. <a href=\"http:\/\/wp.dusancaplak.sk\/wp-content\/uploads\/2013\/12\/08.SLZY-TVY-MAMY-SEDIVY.mp3\">Slzy Tv\u00fd m\u00e1my<\/a><br \/>\n09. <a href=\"http:\/\/wp.dusancaplak.sk\/wp-content\/uploads\/2013\/12\/09.RAZ-TURAZ-TAM.mp3\">Raz tu, raz tam<\/a><br \/>\n10. <a href=\"http:\/\/wp.dusancaplak.sk\/wp-content\/uploads\/2013\/12\/10.CAS-RUZI.mp3\">\u010cas ru\u017e\u00ed<\/a><br \/>\n11. <a href=\"http:\/\/wp.dusancaplak.sk\/wp-content\/uploads\/2013\/12\/11.MARIETA.mp3\">Marieta<\/a><br \/>\n12. <a href=\"http:\/\/wp.dusancaplak.sk\/wp-content\/uploads\/2013\/12\/12.SKUSKY-Z-LASKY.mp3\">Sk\u00fa\u0161ky z l\u00e1sky<\/a><br \/>\n13. <a href=\"http:\/\/wp.dusancaplak.sk\/wp-content\/uploads\/2013\/12\/13.VODACO-MA-DRZI-NAD-VODOU.mp3\">Voda \u010do ma dr\u017e\u00ed nad vodou<\/a><br \/>\n14. <a href=\"http:\/\/wp.dusancaplak.sk\/wp-content\/uploads\/2013\/12\/14.ANTON-AUS-TIROL.mp3\">Anton aus Tirol<\/a><br \/>\n15. <a href=\"http:\/\/wp.dusancaplak.sk\/wp-content\/uploads\/2013\/12\/15.BAJECNA-ZENSKA.mp3\">B\u00e1je\u010dn\u00e1 \u017eensk\u00e1<\/a><br \/>\n16. <a href=\"http:\/\/wp.dusancaplak.sk\/wp-content\/uploads\/2013\/12\/16.LOVE-ME-TENDER.mp3\">Love me Tender<\/a><br \/>\n17. <a href=\"http:\/\/wp.dusancaplak.sk\/wp-content\/uploads\/2013\/12\/17.AKROPOLA.mp3\">Akropola<\/a><\/p>\n<\/div>\n<\/div>\n\n\n\n<div class=\"wp-block-columns is-layout-flex wp-container-core-columns-is-layout-9d6595d7 wp-block-columns-is-layout-flex\">\n<div class=\"wp-block-column is-layout-flow wp-block-column-is-layout-flow\">\n<figure class=\"wp-block-image size-full is-resized\"><img loading=\"lazy\" decoding=\"async\" width=\"1424\" height=\"1425\" src=\"https:\/\/wp.dusancaplak.sk\/wp-content\/uploads\/2026\/02\/CD-REPETE.png\" alt=\"\" class=\"wp-image-853\" style=\"width:400px;height:auto\" srcset=\"https:\/\/wp.dusancaplak.sk\/wp-content\/uploads\/2026\/02\/CD-REPETE.png 1424w, https:\/\/wp.dusancaplak.sk\/wp-content\/uploads\/2026\/02\/CD-REPETE-300x300.png 300w, https:\/\/wp.dusancaplak.sk\/wp-content\/uploads\/2026\/02\/CD-REPETE-1024x1024.png 1024w, https:\/\/wp.dusancaplak.sk\/wp-content\/uploads\/2026\/02\/CD-REPETE-150x150.png 150w, https:\/\/wp.dusancaplak.sk\/wp-content\/uploads\/2026\/02\/CD-REPETE-768x769.png 768w, https:\/\/wp.dusancaplak.sk\/wp-content\/uploads\/2026\/02\/CD-REPETE-60x60.png 60w\" sizes=\"auto, (max-width: 1424px) 100vw, 1424px\" \/><\/figure>\n<\/div>\n\n\n\n<div class=\"wp-block-column is-layout-flow wp-block-column-is-layout-flow\">\n<p><strong>CD: Spomienka na Kraj\u00ed\u010dka<\/strong> <strong>(2002)<\/strong><\/p>\n\n\n<p>01. <a href=\"http:\/\/wp.dusancaplak.sk\/wp-content\/uploads\/2013\/12\/kreslim.mp3\">Kresl\u00edm si ru\u017eu\u00a0<\/a><br \/>\n02. <a href=\"http:\/\/wp.dusancaplak.sk\/wp-content\/uploads\/2013\/12\/02.LASKA-MA-PARIK-KRIDIEL.mp3\">L\u00e1ska m\u00e1 p\u00e1rik kr\u00eddel<\/a><br \/>\n03. <a href=\"http:\/\/wp.dusancaplak.sk\/wp-content\/uploads\/2013\/12\/03.NEMAM-AUTO.mp3\">Nem\u00e1m auto<\/a><br \/>\n04. <a href=\"http:\/\/wp.dusancaplak.sk\/wp-content\/uploads\/2013\/12\/04.BUTTERFLY.mp3\">Butterfly<\/a><br \/>\n05. <a href=\"http:\/\/wp.dusancaplak.sk\/wp-content\/uploads\/2013\/12\/05.PLAVOVLASKA.mp3\">Plavovl\u00e1ska<\/a><br \/>\n06. <a href=\"http:\/\/wp.dusancaplak.sk\/wp-content\/uploads\/2013\/12\/06.JULIASI-CAROVNA.mp3\">J\u00falia si \u010darovn\u00e1<\/a><br \/>\n07. <a href=\"http:\/\/wp.dusancaplak.sk\/wp-content\/uploads\/2013\/12\/07.MARINA.mp3\">Mar\u00edna<\/a><br \/>\n08. <a href=\"http:\/\/wp.dusancaplak.sk\/wp-content\/uploads\/2013\/12\/08.POPOCATEPETL-TWIST.mp3\">Popocatepeli Twist<\/a><br \/>\n09. <a href=\"http:\/\/wp.dusancaplak.sk\/wp-content\/uploads\/2013\/12\/09.ELENA_.mp3\">Elena<\/a><br \/>\n10. <a href=\"http:\/\/wp.dusancaplak.sk\/wp-content\/uploads\/2013\/12\/10.OCI-ZELENE.mp3\">O\u010di zelen\u00e9<\/a><br \/>\n11.\u00a0 <a href=\"http:\/\/wp.dusancaplak.sk\/wp-content\/uploads\/2013\/12\/11.RODNY-MOJ-KRAJ.mp3\">Rodn\u00fd m\u00f4j kraj<\/a><br \/>\n12.\u00a0 <a href=\"http:\/\/wp.dusancaplak.sk\/wp-content\/uploads\/2013\/12\/12.OBLAKYOBLAKY.mp3\">Oblaky oblaky<\/a><br \/>\n13.\u00a0 <a href=\"http:\/\/wp.dusancaplak.sk\/wp-content\/uploads\/2013\/12\/13.KED-SI-SAM.mp3\">Ke\u010f si s\u00e1m<\/a><br \/>\n14.\u00a0 <a href=\"http:\/\/wp.dusancaplak.sk\/wp-content\/uploads\/2013\/12\/14.OMARIANNA.mp3\">\u00d3 Mar\u00edna<\/a><br \/>\n15.\u00a0 <a href=\"http:\/\/wp.dusancaplak.sk\/wp-content\/uploads\/2013\/12\/15.NALEJ-MI-VINAMALVINA.mp3\">Nalej mi v\u00edna Malv\u00edna<\/a><br \/>\n16.\u00a0 <a href=\"http:\/\/wp.dusancaplak.sk\/wp-content\/uploads\/2013\/12\/16.BIELE-MARGARETY.mp3\">Biele margar\u00e9ty<\/a><br \/>\n17.\u00a0 <a href=\"http:\/\/wp.dusancaplak.sk\/wp-content\/uploads\/2013\/12\/17.SVETOVA-SLAVA.mp3\">Svetov\u00e1 sl\u00e1va<\/a><br \/>\n18.\u00a0 <a href=\"http:\/\/wp.dusancaplak.sk\/wp-content\/uploads\/2013\/12\/Mix.mp3\">Mix piesn\u00ed<\/a><\/p>\n<\/div>\n<\/div>\n\n\n\n<div class=\"wp-block-columns is-layout-flex wp-container-core-columns-is-layout-9d6595d7 wp-block-columns-is-layout-flex\">\n<div class=\"wp-block-column is-layout-flow wp-block-column-is-layout-flow\">\n<figure class=\"wp-block-image size-full is-resized\"><img loading=\"lazy\" decoding=\"async\" width=\"337\" height=\"341\" src=\"http:\/\/wp.dusancaplak.sk\/wp-content\/uploads\/2026\/02\/CD_3.jpg\" alt=\"\" class=\"wp-image-365\" style=\"width:392px;height:auto\" srcset=\"https:\/\/wp.dusancaplak.sk\/wp-content\/uploads\/2026\/02\/CD_3.jpg 337w, https:\/\/wp.dusancaplak.sk\/wp-content\/uploads\/2026\/02\/CD_3-296x300.jpg 296w, https:\/\/wp.dusancaplak.sk\/wp-content\/uploads\/2026\/02\/CD_3-60x60.jpg 60w\" sizes=\"auto, (max-width: 337px) 100vw, 337px\" \/><\/figure>\n<\/div>\n\n\n\n<div class=\"wp-block-column is-layout-flow wp-block-column-is-layout-flow\">\n<p><strong>CD: V \u013eudovom rytme ( 2002 )<\/strong><\/p>\n\n\n<p>1. <a href=\"http:\/\/wp.dusancaplak.sk\/wp-content\/uploads\/2013\/12\/02.NA-JESENKED-ROZKVITNEBIELA-RUZANA-PANKRACINACO-MI-JE-TA-ZAHRADKA.mp3\">Ke\u010f sme roli\u010dku orali<\/a><br \/>\n2.\u00a0 <a href=\"http:\/\/wp.dusancaplak.sk\/wp-content\/uploads\/2013\/12\/02.NA-JESENKED-ROZKVITNEBIELA-RUZANA-PANKRACINACO-MI-JE-TA-ZAHRADKA.mp3\">Na Jese\u0148 &#8211; mix<\/a><br \/>\n3.\u00a0 <a href=\"http:\/\/wp.dusancaplak.sk\/wp-content\/uploads\/2013\/12\/03.V-RICHTAROVEJPRESPORSKACHLAPEC-MODROOKYZA-HAJICKOM.mp3\">V richt\u00e1rovej studni &#8211; mix<\/a><br \/>\n4.\u00a0 <a href=\"http:\/\/wp.dusancaplak.sk\/wp-content\/uploads\/2013\/12\/04.TECE-POTUCEK-BUBLAVY.mp3\">Te\u010de pot\u00fa\u010dek bublav\u00fd<\/a><br \/>\n5.\u00a0 <a href=\"http:\/\/wp.dusancaplak.sk\/wp-content\/uploads\/2013\/12\/05.V-ZAHRADOCKEPRECO-SI-NEPRISIELPOSLALA-MA-MAMKAZALO-DIEVCA.mp3\">V z\u00e1hrado\u010dke &#8211; mix<\/a><br \/>\n6.\u00a0 <a href=\"http:\/\/wp.dusancaplak.sk\/wp-content\/uploads\/2013\/12\/06.KDEZE-SI-ANICKA.mp3\">Kde\u017ee si Ani\u010dka<\/a><br \/>\n7.\u00a0 <a href=\"http:\/\/wp.dusancaplak.sk\/wp-content\/uploads\/2013\/12\/07.POD-JEDNOU-STRECHOUNAM-JE-TO-JEDNOPOPOD-HAJSUKROMNICKA.mp3\">Pod jednou strechou<\/a><br \/>\n8.\u00a0 <a href=\"http:\/\/wp.dusancaplak.sk\/wp-content\/uploads\/2013\/12\/08.MUCACA.mp3\">Mu\u010da\u010da<\/a><br \/>\n9.\u00a0 <a href=\"http:\/\/wp.dusancaplak.sk\/wp-content\/uploads\/2013\/12\/09.ROSEMARY.mp3\">RoseMary<\/a><\/p>\n<\/div>\n<\/div>\n\n\n\n<div class=\"wp-block-columns is-layout-flex wp-container-core-columns-is-layout-9d6595d7 wp-block-columns-is-layout-flex\">\n<div class=\"wp-block-column is-layout-flow wp-block-column-is-layout-flow\">\n<figure class=\"wp-block-image size-full is-resized\"><img loading=\"lazy\" decoding=\"async\" width=\"337\" height=\"341\" src=\"http:\/\/wp.dusancaplak.sk\/wp-content\/uploads\/2026\/02\/CD_0.jpg\" alt=\"\" class=\"wp-image-367\" style=\"width:400px;height:auto\" srcset=\"https:\/\/wp.dusancaplak.sk\/wp-content\/uploads\/2026\/02\/CD_0.jpg 337w, https:\/\/wp.dusancaplak.sk\/wp-content\/uploads\/2026\/02\/CD_0-296x300.jpg 296w, https:\/\/wp.dusancaplak.sk\/wp-content\/uploads\/2026\/02\/CD_0-60x60.jpg 60w\" sizes=\"auto, (max-width: 337px) 100vw, 337px\" \/><\/figure>\n<\/div>\n\n\n\n<div class=\"wp-block-column is-layout-flow wp-block-column-is-layout-flow\">\n<p><strong>CD:<\/strong> <strong>Od srdca k srdcu<\/strong> <strong>(2001)<\/strong><\/p>\n\n\n<p><\/a>01. <a href=\"http:\/\/www.dusancaplak.sk\/mp3\/M_001.mp3\">U\u017e mi l\u00e1sko nen\u00ed 20 let<\/a><br \/>\n02. Holub\u00ed d\u00fam<br \/>\n03. Rozchod<br \/>\n04. N\u00e1dhern\u00e1 l\u00e1sko<br \/>\n05. Hosp\u00fadko zn\u00e1ma<br \/>\n06. <a href=\"http:\/\/www.dusancaplak.sk\/mp3\/M_001.mp3\">Piese\u0148 o Decembri<\/a><br \/>\n07. Milujem sem \u010d\u00edm d\u00e1l v\u00edc<br \/>\n08. Zamilovan\u00e1<br \/>\n09. Rodn\u00fd dom<br \/>\n10. Moghomery<br \/>\n11. R\u00fa\u017ee z Texasu<br \/>\n12. To se nikdo nedov\u00ed<br \/>\n13. Sbohem l\u00e1sko<br \/>\n14. Severn\u00ed v\u00edtr<br \/>\n15. Tereza<br \/>\n16. No\u010dn\u00e9 r\u00fa\u017ee<\/p>\n<\/div>\n<\/div>\n","protected":false},"excerpt":{"rendered":"<p>CD: \u010cas na \u013eudovky ( 2020 ) CD: Tancuj &nbsp;so mnou (2009) CD: Od srdca k srdcu 2 (2004) CD: V\u00fdber hitov ( 2003 ) CD: Spomienka na Kraj\u00ed\u010dka (2002) CD: V \u013eudovom rytme ( 2002 ) CD: Od srdca k srdcu (2001)<\/p>\n","protected":false},"author":1,"featured_media":0,"parent":0,"menu_order":0,"comment_status":"closed","ping_status":"closed","template":"","meta":{"ngg_post_thumbnail":0,"footnotes":""},"class_list":["post-38","page","type-page","status-publish","hentry"],"_links":{"self":[{"href":"https:\/\/wp.dusancaplak.sk\/index.php?rest_route=\/wp\/v2\/pages\/38","targetHints":{"allow":["GET"]}}],"collection":[{"href":"https:\/\/wp.dusancaplak.sk\/index.php?rest_route=\/wp\/v2\/pages"}],"about":[{"href":"https:\/\/wp.dusancaplak.sk\/index.php?rest_route=\/wp\/v2\/types\/page"}],"author":[{"embeddable":true,"href":"https:\/\/wp.dusancaplak.sk\/index.php?rest_route=\/wp\/v2\/users\/1"}],"replies":[{"embeddable":true,"href":"https:\/\/wp.dusancaplak.sk\/index.php?rest_route=%2Fwp%2Fv2%2Fcomments&post=38"}],"version-history":[{"count":50,"href":"https:\/\/wp.dusancaplak.sk\/index.php?rest_route=\/wp\/v2\/pages\/38\/revisions"}],"predecessor-version":[{"id":926,"href":"https:\/\/wp.dusancaplak.sk\/index.php?rest_route=\/wp\/v2\/pages\/38\/revisions\/926"}],"wp:attachment":[{"href":"https:\/\/wp.dusancaplak.sk\/index.php?rest_route=%2Fwp%2Fv2%2Fmedia&parent=38"}],"curies":[{"name":"wp","href":"https:\/\/api.w.org\/{rel}","templated":true}]}}