{"id":701,"date":"2026-02-16T18:42:10","date_gmt":"2026-02-16T18:42:10","guid":{"rendered":"http:\/\/wp.dusancaplak.sk\/?page_id=701"},"modified":"2026-02-18T12:48:34","modified_gmt":"2026-02-18T12:48:34","slug":"test-2","status":"publish","type":"page","link":"https:\/\/wp.dusancaplak.sk\/?page_id=701","title":{"rendered":"RECENZIE"},"content":{"rendered":"<div class=\"wprev-no-slider revnotsameheight\" id=\"wprev-slider-1\"><style>#wprev-slider-1 .wprev_preview_bradius_T1 {border-radius: 0px;}#wprev-slider-1 .wprev_preview_bg1_T1::after{ border-top: 30px solid ; }<\/style><style><\/style>\t\t<div class=\"wprevpro_t1_outer_div w3_wprs-row-padding\">\r\n\t\t\t\t<div class=\"wprevpro_t1_DIV_1 w3_wprs-col l4\">\r\n\t\t\t<div class=\"wprevpro_t1_DIV_2 indrevdiv wprev_preview_tcolor1_T1  wprev_preview_bg1_T1 wprev_preview_bradius_T1\">\r\n\t\t\t\t<p class=\"wprevpro_t1_P_3 wprev_preview_tcolor1_T1\">\r\n\t\t\t\t\t<span class=\"wprevpro_star_imgs_T1\"><span class=\"starloc1 wprevpro_star_imgs wprevpro_star_imgsloc1\"><span class=\"svgicons svg-wprsp-star\"><\/span><span class=\"svgicons svg-wprsp-star\"><\/span><span class=\"svgicons svg-wprsp-star\"><\/span><span class=\"svgicons svg-wprsp-star\"><\/span><span class=\"svgicons svg-wprsp-star\"><\/span><\/span><\/span>Super kolega...\t\t\t\t<\/p>\r\n\t\t\t\t\t\t\t\t<img decoding=\"async\" src=\"https:\/\/wp.dusancaplak.sk\/wp-content\/plugins\/wp-facebook-reviews\/public\/partials\/imgs\/facebook_small_icon.png\" alt=\"Facebook Logo\" class=\"wprevpro_t1_site_logo siteicon sitetype_Facebook\">\t\t\t<\/div><span class=\"wprevpro_t1_A_8\"><img decoding=\"async\" src=\"http:\/\/wp.dusancaplak.sk\/wp-content\/uploads\/wprevslider\/avatars\/1528142001_26826024760333367.jpg\" alt=\"Miroslav Klobu\u010dn\u00edk Avatar\" class=\"wprevpro_t1_IMG_4\" loading=\"lazy\" \/><\/span> <span class=\"wprevpro_t1_SPAN_5 wprev_preview_tcolor2_T1\">Miroslav K.<br\/><span class=\"wprev_showdate_T1\">June 4, 2018<\/span> <\/span>\r\n\t\t<\/div>\r\n\t\t\t<div class=\"wprevpro_t1_DIV_1 w3_wprs-col l4\">\r\n\t\t\t<div class=\"wprevpro_t1_DIV_2 indrevdiv wprev_preview_tcolor1_T1  wprev_preview_bg1_T1 wprev_preview_bradius_T1\">\r\n\t\t\t\t<p class=\"wprevpro_t1_P_3 wprev_preview_tcolor1_T1\">\r\n\t\t\t\t\t<span class=\"wprevpro_star_imgs_T1\"><span class=\"starloc1 wprevpro_star_imgs wprevpro_star_imgsloc1\"><span class=\"svgicons svg-wprsp-star\"><\/span><span class=\"svgicons svg-wprsp-star\"><\/span><span class=\"svgicons svg-wprsp-star\"><\/span><span class=\"svgicons svg-wprsp-star\"><\/span><span class=\"svgicons svg-wprsp-star\"><\/span><\/span><\/span>S Du\u0161anom sme sa spoznali pred 17 rokmi, ke\u010f n\u00e1m bol hra\u0165 na stu\u017ekovej. Vtedy som ho podpichol, \u017ee mi raz bude hra\u0165 na svadbe. No a minul\u00fd v\u00edkend sa tak stalo \ud83d\ude09 V\u00fdnimo\u010dn\u00fd \u010dlovek, skvel\u00fd muzikant, v\u00fdborn\u00fd a pohotov\u00fd moder\u00e1tor, so starej\u0161\u00edm sa  neuverite\u013ene dop\u013a\u0148ali. \u010eakujeme, \u017ee aj v\u010faka Tebe a Andrejke bola na\u0161a svadba v\u00fdnimo\u010dn\u00e1 a nezabudnute\u013en\u00e1 \u2764\ufe0f\t\t\t\t<\/p>\r\n\t\t\t\t\t\t\t\t<img decoding=\"async\" src=\"https:\/\/wp.dusancaplak.sk\/wp-content\/plugins\/wp-facebook-reviews\/public\/partials\/imgs\/facebook_small_icon.png\" alt=\"Facebook Logo\" class=\"wprevpro_t1_site_logo siteicon sitetype_Facebook\">\t\t\t<\/div><span class=\"wprevpro_t1_A_8\"><img decoding=\"async\" src=\"http:\/\/wp.dusancaplak.sk\/wp-content\/uploads\/wprevslider\/avatars\/1568703354_26372548532329945.jpg\" alt=\"Pavol Kurucz Avatar\" class=\"wprevpro_t1_IMG_4\" loading=\"lazy\" \/><\/span> <span class=\"wprevpro_t1_SPAN_5 wprev_preview_tcolor2_T1\">Pavol K.<br\/><span class=\"wprev_showdate_T1\">September 17, 2019<\/span> <\/span>\r\n\t\t<\/div>\r\n\t\t\t<div class=\"wprevpro_t1_DIV_1 w3_wprs-col l4\">\r\n\t\t\t<div class=\"wprevpro_t1_DIV_2 indrevdiv wprev_preview_tcolor1_T1  wprev_preview_bg1_T1 wprev_preview_bradius_T1\">\r\n\t\t\t\t<p class=\"wprevpro_t1_P_3 wprev_preview_tcolor1_T1\">\r\n\t\t\t\t\t<span class=\"wprevpro_star_imgs_T1\"><span class=\"starloc1 wprevpro_star_imgs wprevpro_star_imgsloc1\"><span class=\"svgicons svg-wprsp-star\"><\/span><span class=\"svgicons svg-wprsp-star\"><\/span><span class=\"svgicons svg-wprsp-star\"><\/span><span class=\"svgicons svg-wprsp-star\"><\/span><span class=\"svgicons svg-wprsp-star\"><\/span><\/span><\/span>\u010eakujeme za skvel\u00fa hudbu a atmosf\u00e9ru na na\u0161om prvom plese v roku 2020 a na Hudbu \u010capl\u00e1k sa op\u00e4\u0165 te\u0161\u00edme v roku 2021 a kto chce ma\u0165 super z\u00e1bavu tak si treba zajednat t\u00fato skvel\u00fa hudbu a v\u00fdborn\u00e9ho spev\u00e1ka ak\u00fdm je Du\u0161an \u010capl\u00e1k. \u010eAKUJEME \ud83d\udc83\ud83d\udd7a\ud83c\udf40\ud83d\udc4c\ud83d\udc4c\t\t\t\t<\/p>\r\n\t\t\t\t\t\t\t\t<img decoding=\"async\" src=\"https:\/\/wp.dusancaplak.sk\/wp-content\/plugins\/wp-facebook-reviews\/public\/partials\/imgs\/facebook_small_icon.png\" alt=\"Facebook Logo\" class=\"wprevpro_t1_site_logo siteicon sitetype_Facebook\">\t\t\t<\/div><span class=\"wprevpro_t1_A_8\"><img decoding=\"async\" src=\"http:\/\/wp.dusancaplak.sk\/wp-content\/uploads\/wprevslider\/avatars\/1582566253_26282673691336311.jpg\" alt=\"Janette Cintulova Avatar\" class=\"wprevpro_t1_IMG_4\" loading=\"lazy\" \/><\/span> <span class=\"wprevpro_t1_SPAN_5 wprev_preview_tcolor2_T1\">Janette C.<br\/><span class=\"wprev_showdate_T1\">February 24, 2020<\/span> <\/span>\r\n\t\t<\/div>\r\n\t\t<\/div>\r\n\t\t<div class=\"wprevpro_t1_outer_div w3_wprs-row-padding\">\r\n\t\t\t\t<div class=\"wprevpro_t1_DIV_1 w3_wprs-col l4\">\r\n\t\t\t<div class=\"wprevpro_t1_DIV_2 indrevdiv wprev_preview_tcolor1_T1  wprev_preview_bg1_T1 wprev_preview_bradius_T1\">\r\n\t\t\t\t<p class=\"wprevpro_t1_P_3 wprev_preview_tcolor1_T1\">\r\n\t\t\t\t\t<span class=\"wprevpro_star_imgs_T1\"><span class=\"starloc1 wprevpro_star_imgs wprevpro_star_imgsloc1\"><span class=\"svgicons svg-wprsp-star\"><\/span><span class=\"svgicons svg-wprsp-star\"><\/span><span class=\"svgicons svg-wprsp-star\"><\/span><span class=\"svgicons svg-wprsp-star\"><\/span><span class=\"svgicons svg-wprsp-star\"><\/span><\/span><\/span>Du\u0161an,\n\u010eAKUJEME za odohratie n\u00e1\u0161ho 13. farsk\u00e9ho plesu. Mnohi z\u00fa\u010dastnen\u00ed chv\u00e1lia Tvoju hudbu, Tvoj talent, Tvoje nasadenie pre perfektn\u00fd v\u00fdkon\ud83d\udd1d. V\u010faka Tebe mal ples neopakovate\u013en\u00fa atmosf\u00e9ru. Obdivujeme \u0164a ako si dok\u00e1zal cel\u00fa noc hra\u0165 a pritom si hral ples noc pred t\u00fdm. V\u010faka Tvojej hudbe ostal tane\u010dn\u00fd parket pln\u00fd dlho po polnoci\ud83d\udc83 . E\u0161te raz ve\u013ek\u00e1 v\u010faka \ud83d\ude4f\ud83d\udc4d\t\t\t\t<\/p>\r\n\t\t\t\t\t\t\t\t<img decoding=\"async\" src=\"https:\/\/wp.dusancaplak.sk\/wp-content\/plugins\/wp-facebook-reviews\/public\/partials\/imgs\/facebook_small_icon.png\" alt=\"Facebook Logo\" class=\"wprevpro_t1_site_logo siteicon sitetype_Facebook\">\t\t\t<\/div><span class=\"wprevpro_t1_A_8\"><img decoding=\"async\" src=\"http:\/\/wp.dusancaplak.sk\/wp-content\/uploads\/wprevslider\/avatars\/1677526932_25732448326424606.jpg\" alt=\"Lucia Kravecova Avatar\" class=\"wprevpro_t1_IMG_4\" loading=\"lazy\" \/><\/span> <span class=\"wprevpro_t1_SPAN_5 wprev_preview_tcolor2_T1\">Lucia K.<br\/><span class=\"wprev_showdate_T1\">February 27, 2023<\/span> <\/span>\r\n\t\t<\/div>\r\n\t\t\t<div class=\"wprevpro_t1_DIV_1 w3_wprs-col l4\">\r\n\t\t\t<div class=\"wprevpro_t1_DIV_2 indrevdiv wprev_preview_tcolor1_T1  wprev_preview_bg1_T1 wprev_preview_bradius_T1\">\r\n\t\t\t\t<p class=\"wprevpro_t1_P_3 wprev_preview_tcolor1_T1\">\r\n\t\t\t\t\t<span class=\"wprevpro_star_imgs_T1\"><span class=\"starloc1 wprevpro_star_imgs wprevpro_star_imgsloc1\"><span class=\"svgicons svg-wprsp-star\"><\/span><span class=\"svgicons svg-wprsp-star\"><\/span><span class=\"svgicons svg-wprsp-star\"><\/span><span class=\"svgicons svg-wprsp-star\"><\/span><span class=\"svgicons svg-wprsp-star\"><\/span><\/span><\/span>Du\u0161ana pozn\u00e1m dlh\u00e9 roky z k\u00fape\u013eov kde hr\u00e1va. Je v\u00fdborn\u00fd spev\u00e1k, imit\u00e1tor a aj dobr\u00fd \u010dlovek. Na na\u0161ej 8. bat\u00f4\u017ekovej z\u00e1bave v NZ profesion\u00e1lne zab\u00e1val host\u00ed az do r\u00e1na. \u010eakujem pekne Du\u0161an.\t\t\t\t<\/p>\r\n\t\t\t\t\t\t\t\t<img decoding=\"async\" src=\"https:\/\/wp.dusancaplak.sk\/wp-content\/plugins\/wp-facebook-reviews\/public\/partials\/imgs\/facebook_small_icon.png\" alt=\"Facebook Logo\" class=\"wprevpro_t1_site_logo siteicon sitetype_Facebook\">\t\t\t<\/div><span class=\"wprevpro_t1_A_8\"><img decoding=\"async\" src=\"http:\/\/wp.dusancaplak.sk\/wp-content\/uploads\/wprevslider\/avatars\/1728888229_7203509506428895.jpg\" alt=\"Ferdinand T\u00f3th Avatar\" class=\"wprevpro_t1_IMG_4\" loading=\"lazy\" \/><\/span> <span class=\"wprevpro_t1_SPAN_5 wprev_preview_tcolor2_T1\">Ferdinand T.<br\/><span class=\"wprev_showdate_T1\">October 14, 2024<\/span> <\/span>\r\n\t\t<\/div>\r\n\t\t\t<div class=\"wprevpro_t1_DIV_1 w3_wprs-col l4\">\r\n\t\t\t<div class=\"wprevpro_t1_DIV_2 indrevdiv wprev_preview_tcolor1_T1  wprev_preview_bg1_T1 wprev_preview_bradius_T1\">\r\n\t\t\t\t<p class=\"wprevpro_t1_P_3 wprev_preview_tcolor1_T1\">\r\n\t\t\t\t\t<span class=\"wprevpro_star_imgs_T1\"><span class=\"starloc1 wprevpro_star_imgs wprevpro_star_imgsloc1\"><span class=\"svgicons svg-wprsp-star\"><\/span><span class=\"svgicons svg-wprsp-star\"><\/span><span class=\"svgicons svg-wprsp-star\"><\/span><span class=\"svgicons svg-wprsp-star\"><\/span><span class=\"svgicons svg-wprsp-star\"><\/span><\/span><\/span>super hudba a super muzikant\t\t\t\t<\/p>\r\n\t\t\t\t\t\t\t\t<img decoding=\"async\" src=\"https:\/\/wp.dusancaplak.sk\/wp-content\/plugins\/wp-facebook-reviews\/public\/partials\/imgs\/facebook_small_icon.png\" alt=\"Facebook Logo\" class=\"wprevpro_t1_site_logo siteicon sitetype_Facebook\">\t\t\t<\/div><span class=\"wprevpro_t1_A_8\"><img decoding=\"async\" src=\"http:\/\/wp.dusancaplak.sk\/wp-content\/uploads\/wprevslider\/avatars\/1545309778_25902912286043802.jpg\" alt=\"Jozef Anton\u00edk Avatar\" class=\"wprevpro_t1_IMG_4\" loading=\"lazy\" \/><\/span> <span class=\"wprevpro_t1_SPAN_5 wprev_preview_tcolor2_T1\">Jozef A.<br\/><span class=\"wprev_showdate_T1\">December 20, 2018<\/span> <\/span>\r\n\t\t<\/div>\r\n\t\t<\/div>\r\n\t\t<div class=\"wprevpro_t1_outer_div w3_wprs-row-padding\">\r\n\t\t\t\t<div class=\"wprevpro_t1_DIV_1 w3_wprs-col l4\">\r\n\t\t\t<div class=\"wprevpro_t1_DIV_2 indrevdiv wprev_preview_tcolor1_T1  wprev_preview_bg1_T1 wprev_preview_bradius_T1\">\r\n\t\t\t\t<p class=\"wprevpro_t1_P_3 wprev_preview_tcolor1_T1\">\r\n\t\t\t\t\t<span class=\"wprevpro_star_imgs_T1\"><span class=\"starloc1 wprevpro_star_imgs wprevpro_star_imgsloc1\"><span class=\"svgicons svg-wprsp-star\"><\/span><span class=\"svgicons svg-wprsp-star\"><\/span><span class=\"svgicons svg-wprsp-star\"><\/span><span class=\"svgicons svg-wprsp-star\"><\/span><span class=\"svgicons svg-wprsp-star\"><\/span><\/span><\/span>Dobr\u00fd de\u0148, \nsme ve\u013emi radi, \u017ee sme si vybrali pr\u00e1ve V\u00e1s ako DJ na na\u0161ej svadbe. \nSvoj\u00edm v\u0161estrann\u00fdm talentom ako spev\u00e1k, hudobn\u00edk, moder\u00e1tor a imit\u00e1tor ste zab\u00e1vali v\u0161etk\u00fdch host\u00ed a\u017e do r\u00e1na. \nAj touto cestou V\u00e1m \u010fakujeme za kr\u00e1sny svadobn\u00fd de\u0148 a s ve\u013ekou rados\u0165ou V\u00e1s budeme odpor\u00fa\u010da\u0165 \u010falej. \ud83d\ude42\nMichaela a D\u00e1vid\t\t\t\t<\/p>\r\n\t\t\t\t\t\t\t\t<img decoding=\"async\" src=\"https:\/\/wp.dusancaplak.sk\/wp-content\/plugins\/wp-facebook-reviews\/public\/partials\/imgs\/facebook_small_icon.png\" alt=\"Facebook Logo\" class=\"wprevpro_t1_site_logo siteicon sitetype_Facebook\">\t\t\t<\/div><span class=\"wprevpro_t1_A_8\"><img decoding=\"async\" src=\"http:\/\/wp.dusancaplak.sk\/wp-content\/uploads\/wprevslider\/avatars\/1692365532_33818504904464911.jpg\" alt=\"MichaEla Suranov\u00e1 Avatar\" class=\"wprevpro_t1_IMG_4\" loading=\"lazy\" \/><\/span> <span class=\"wprevpro_t1_SPAN_5 wprev_preview_tcolor2_T1\">MichaEla S.<br\/><span class=\"wprev_showdate_T1\">August 18, 2023<\/span> <\/span>\r\n\t\t<\/div>\r\n\t\t\t<div class=\"wprevpro_t1_DIV_1 w3_wprs-col l4\">\r\n\t\t\t<div class=\"wprevpro_t1_DIV_2 indrevdiv wprev_preview_tcolor1_T1  wprev_preview_bg1_T1 wprev_preview_bradius_T1\">\r\n\t\t\t\t<p class=\"wprevpro_t1_P_3 wprev_preview_tcolor1_T1\">\r\n\t\t\t\t\t<span class=\"wprevpro_star_imgs_T1\"><span class=\"starloc1 wprevpro_star_imgs wprevpro_star_imgsloc1\"><span class=\"svgicons svg-wprsp-star\"><\/span><span class=\"svgicons svg-wprsp-star\"><\/span><span class=\"svgicons svg-wprsp-star\"><\/span><span class=\"svgicons svg-wprsp-star\"><\/span><span class=\"svgicons svg-wprsp-star\"><\/span><\/span><\/span>100% zab\u00e1va\u010d,imit\u00e1tor,hudobn\u00edk - jeho to proste bav\u00ed,\u017ee n\u00e1s bav\u00ed...\nDudo pozdravujem \u0165a...\t\t\t\t<\/p>\r\n\t\t\t\t\t\t\t\t<img decoding=\"async\" src=\"https:\/\/wp.dusancaplak.sk\/wp-content\/plugins\/wp-facebook-reviews\/public\/partials\/imgs\/facebook_small_icon.png\" alt=\"Facebook Logo\" class=\"wprevpro_t1_site_logo siteicon sitetype_Facebook\">\t\t\t<\/div><span class=\"wprevpro_t1_A_8\"><img decoding=\"async\" src=\"http:\/\/wp.dusancaplak.sk\/wp-content\/uploads\/wprevslider\/avatars\/1512395132_25781948651475267.jpg\" alt=\"Dusan Podhorec Avatar\" class=\"wprevpro_t1_IMG_4\" loading=\"lazy\" \/><\/span> <span class=\"wprevpro_t1_SPAN_5 wprev_preview_tcolor2_T1\">Dusan P.<br\/><span class=\"wprev_showdate_T1\">December 4, 2017<\/span> <\/span>\r\n\t\t<\/div>\r\n\t\t\t<div class=\"wprevpro_t1_DIV_1 w3_wprs-col l4\">\r\n\t\t\t<div class=\"wprevpro_t1_DIV_2 indrevdiv wprev_preview_tcolor1_T1  wprev_preview_bg1_T1 wprev_preview_bradius_T1\">\r\n\t\t\t\t<p class=\"wprevpro_t1_P_3 wprev_preview_tcolor1_T1\">\r\n\t\t\t\t\t<span class=\"wprevpro_star_imgs_T1\"><span class=\"starloc1 wprevpro_star_imgs wprevpro_star_imgsloc1\"><span class=\"svgicons svg-wprsp-star\"><\/span><span class=\"svgicons svg-wprsp-star\"><\/span><span class=\"svgicons svg-wprsp-star\"><\/span><span class=\"svgicons svg-wprsp-star\"><\/span><span class=\"svgicons svg-wprsp-star\"><\/span><\/span><\/span>My u\u017e m\u00e1me svoju svadbu za sebou a chceme sa podeli\u0165 o ve\u013emi pozit\u00edvnu sk\u00fasenos\u0165 s dvojicou Du\u0161an \u010capl\u00e1k a Milan Pern\u00fd. Obidvaja skvelo sprev\u00e1dzali n\u00e1\u0161 v\u00fdnimo\u010dn\u00fd de\u0148, od obeda kedy sa v\u0161etko za\u010dalo pred domom nevesty a\u017e do r\u00e1na druheho d\u0148a. P\u00e1\u010dil sa n\u00e1m hlavne ich \u013eudsky pr\u00edstup, skvel\u00e9 moderovanie, zab\u00e1vanie hosti a hranie a\u017e do r\u00e1na, a samozrejme rola starej\u0161ieho, ktor\u00e1 bola v\u00fdnimo\u010dn\u00e1. My aj na\u0161i svadobn\u00ed hostia sme si to neskuto\u010dne u\u017eili a perfektne sa zab\u00e1vali. Profesion\u00e1lny pr\u00edstup obidvoch a skvel\u00e9 hranie a imitovanie aj v podan\u00ed Du\u0161ana boli perli\u010dkou n\u00e1\u0161ho d\u0148a. Ak chcete ma\u0165 skvel\u00fa z\u00e1bavu, \u013eudsk\u00fd, priate\u013esk\u00fd pr\u00edstup a hudbu tak ur\u010dite odpor\u00fa\u010dame v\u0161etk\u00fdmi desiatimi, 10\/10 pre t\u00fdchto dvoch vesel\u00fdch a skvel\u00fdch \u013eud\u00ed \ud83d\ude0a\ud83d\udc4d\ud83d\udc4f Lucka Patrik Krko\u0161kov\u00ed\t\t\t\t<\/p>\r\n\t\t\t\t\t\t\t\t<img decoding=\"async\" src=\"https:\/\/wp.dusancaplak.sk\/wp-content\/plugins\/wp-facebook-reviews\/public\/partials\/imgs\/facebook_small_icon.png\" alt=\"Facebook Logo\" class=\"wprevpro_t1_site_logo siteicon sitetype_Facebook\">\t\t\t<\/div><span class=\"wprevpro_t1_A_8\"><img decoding=\"async\" src=\"http:\/\/wp.dusancaplak.sk\/wp-content\/uploads\/wprevslider\/avatars\/1655923806_33855835984063141.jpg\" alt=\"Patrik Krko\u0161ka Avatar\" class=\"wprevpro_t1_IMG_4\" loading=\"lazy\" \/><\/span> <span class=\"wprevpro_t1_SPAN_5 wprev_preview_tcolor2_T1\">Patrik K.<br\/><span class=\"wprev_showdate_T1\">June 22, 2022<\/span> <\/span>\r\n\t\t<\/div>\r\n\t\t<\/div>\r\n<\/div>\r\n\n\n\n\n<div style=\"height:100px\" aria-hidden=\"true\" class=\"wp-block-spacer\"><\/div>\n\n\n\n<div class=\"wp-block-group is-nowrap is-layout-flex wp-container-core-group-is-layout-ad2f72ca wp-block-group-is-layout-flex\">\n<div class=\"wp-block-buttons is-layout-flex wp-block-buttons-is-layout-flex\"><\/div>\n\n\n\n\n<button type=\"button\" onclick=\"window.location.reload();\">\n  \u010eal\u0161ie recenzie po kliknut\u00ed\n<\/button>\n\n<\/div>\n\n\n\n<p><\/p>\n","protected":false},"excerpt":{"rendered":"<p>\u010eal\u0161ie recenzie po kliknut\u00ed<\/p>\n","protected":false},"author":1,"featured_media":0,"parent":0,"menu_order":0,"comment_status":"closed","ping_status":"closed","template":"","meta":{"ngg_post_thumbnail":0,"footnotes":""},"class_list":["post-701","page","type-page","status-publish","hentry"],"_links":{"self":[{"href":"https:\/\/wp.dusancaplak.sk\/index.php?rest_route=\/wp\/v2\/pages\/701","targetHints":{"allow":["GET"]}}],"collection":[{"href":"https:\/\/wp.dusancaplak.sk\/index.php?rest_route=\/wp\/v2\/pages"}],"about":[{"href":"https:\/\/wp.dusancaplak.sk\/index.php?rest_route=\/wp\/v2\/types\/page"}],"author":[{"embeddable":true,"href":"https:\/\/wp.dusancaplak.sk\/index.php?rest_route=\/wp\/v2\/users\/1"}],"replies":[{"embeddable":true,"href":"https:\/\/wp.dusancaplak.sk\/index.php?rest_route=%2Fwp%2Fv2%2Fcomments&post=701"}],"version-history":[{"count":15,"href":"https:\/\/wp.dusancaplak.sk\/index.php?rest_route=\/wp\/v2\/pages\/701\/revisions"}],"predecessor-version":[{"id":771,"href":"https:\/\/wp.dusancaplak.sk\/index.php?rest_route=\/wp\/v2\/pages\/701\/revisions\/771"}],"wp:attachment":[{"href":"https:\/\/wp.dusancaplak.sk\/index.php?rest_route=%2Fwp%2Fv2%2Fmedia&parent=701"}],"curies":[{"name":"wp","href":"https:\/\/api.w.org\/{rel}","templated":true}]}}