{"id":75,"date":"2026-02-13T20:51:15","date_gmt":"2026-02-13T20:51:15","guid":{"rendered":"http:\/\/wp.dusancaplak.sk\/?page_id=75"},"modified":"2026-02-27T22:09:59","modified_gmt":"2026-02-27T22:09:59","slug":"spomienka","status":"publish","type":"page","link":"https:\/\/wp.dusancaplak.sk\/?page_id=75","title":{"rendered":"SPOMIENKA"},"content":{"rendered":"\n<p>Spomienky a my\u0161lienky sa vyn\u00e1raj\u00fa len cez de\u0148, ke\u010f len tak sed\u00edm a pozer\u00e1m sa okolo.Vtedy rozm\u00fd\u0161\u013eam \u010do by som robil, o by som teraz povedal ako to poveda\u0165 a hlavne komu. Sed\u00edm tu s\u00e1m a ku mne let\u00ed my\u0161lienka, u\u017e je tu\u2026 Je to spomienka a priate\u013ea a \u010dloveka, ktor\u00e9ho som mal r\u00e1d, spomienka ktor\u00fa som si zapam\u00e4tal ako jedin\u00fa. Jedin\u00fa od slova do slova, sekundu o sekunde. U\u017e je to d\u00e1vno ale st\u00e1le si ho pam\u00e4t\u00e1m, a do konca \u017eivota&nbsp; pam\u00e4ta\u0165&nbsp; budem .<\/p>\n\n\n\n<h2 class=\"wp-block-heading\">Miro Petr\u00edk ( 31\/08\/1983 &#8211; 25\/05\/2006)<\/h2>\n\n\n\n<p>POSLEDN\u00c1 ROZL\u00da\u010cKA S MIROM<br>(Miro Petr\u00edk spev: <a href=\"http:\/\/www.dusancaplak.sk\/mp3\/M_001.mp3\">\u010co bol\u00ed to prebol\u00ed<\/a>,\u00a0 Miro Petr\u00edk a Du\u0161an \u010capl\u00e1k : <a href=\"http:\/\/www.dusancaplak.sk\/mp3\/M_002.mp3\">Zavr\u00ed o\u010di pad\u00e1 d\u00e1\u017e\u010f<\/a> )<\/p>\n\n\n<div class=\"wp-block-image\">\n<figure class=\"alignleft size-full\"><img loading=\"lazy\" decoding=\"async\" width=\"176\" height=\"250\" src=\"http:\/\/wp.dusancaplak.sk\/wp-content\/uploads\/2026\/02\/foto_spomienka_2.jpg\" alt=\"\" class=\"wp-image-396\"\/><\/figure>\n<\/div>\n\n\n<p>Mira m\u00f4\u017eem charakterizova\u0165 ako kamar\u00e1ta, ktor\u00fd bol s mojich kamo\u0161ov (mysl\u00edm t\u00fdm z chalanov) najcitlivej\u0161\u00edm s najjemnej\u0161ou du\u0161i\u010dkou a najkrehkej\u0161\u00edm srdie\u010dkom. Ke\u010f ho nie\u010do tr\u00e1pilo pri\u0161iel, pos\u0165a\u017eoval sa a neraz prosil o radu. S mnoh\u00fdmi z n\u00e1s toho stihol za\u017ei\u0165 a\u017e a\u017e. St\u00e1le akoby mu horelo pod zadkom. Neostal dlho na jednom mieste, v\u017edy da\u010do vym\u00fd\u0161\u013eal.<\/p>\n\n\n\n<p>Bude mi za n\u00edm ve\u013emi smutno a za jeho pesni\u010dkami, ma\u010farsk\u00fdmi pesni\u010dkami,\u2026 ke\u010f za\u010dal spieva\u0165, nikto mu neveril, \u017ee nevie po ma\u010farsky a tomu textu v\u00f4bec nerozumie \u2026 V tomto bol macher \u2026 mal talent \u2026 a to \u00e1m u\u017e nikto v tom podan\u00ed nezopakuje. V kuse da\u010do nahr\u00e1val : \u201e Zase m\u00e1m nie\u010do nov\u00e9!\u201c \u2014 a u\u017e n\u00e1m aj p\u00fa\u0161\u0165al pesni\u010dku \u010do nahral. Ak\u00fd bol len na to hrd\u00fd! Mal r\u00e1d \u017eivot a u\u017e\u00edval si ho naplno. Mal r\u00e1d r\u00fdchlu jazdu autom, tak mu to u\u017e nezazlievajte! To bol on! Presne tak\u00fd! Dj. Flash. Dupne len tak na plyn, nikto nevie pre\u010do, na\u010do, on o vtedy tak c\u00edti a te\u0161\u00ed ho to. Pon\u00e1h\u013ea sa domov ale u\u017e tam nepri\u0161iel. A u\u017e viac nikdy nepr\u00edde! A\u017e na poslednom \u00faseku cesty domov pridal, \u010do sa mu po prv\u00fd a u\u017e aj nav\u017edy jedin\u00fd kr\u00e1t nevyplatilo. Ka\u017ed\u00fd z n\u00e1s si kladie ot\u00e1zku PRE\u010cO? Ale pochopte, na \u0148u odpovede niet. Som si ist\u00e1, \u017ee keby mohol a vedel, pri\u0161iel by a s pla\u010dom povedal: \u201eMami prep\u00e1\u010d, tak toto som naozaj nechcel aby sa stalo, takto som ti nechcel ubl\u00ed\u017ei\u0165. Ver\u00edm, \u017ee eby len bol tu\u0161il, \u010do sa mu vtedy stane, ur\u010dite by v ten de\u0148 rad\u0161ej ani nesadol do auta. Ale to sa u\u017e neodstane a r\u00e1ti\u0165 sa to ned\u00e1. V\u0161etko \u010do m\u00f4\u017eeme pre neho urobi\u0165 je to, \u017ee si uchov\u00e1me kr\u00e1sne spomienky s n\u00edm a odteraz budeme \u017ei\u0165 aj za neho. N\u00e1\u0161 drah\u00fd Mirko!\u2026<\/p>\n\n\n\n<p>Alebo Troska, ako mu to chalani niekedy hovorili. Mal r\u00e1d ka\u017ed\u00e9ho. Mal r\u00e1d aj seba a umrie\u0165 e\u0161te nechcel. o\u013eko mal e\u0161te v\u0161elijak\u00fdch pl\u00e1nov, ktor\u00e9 rozpr\u00e1val dobr\u00fdm kamar\u00e1tom. Za t\u00fdch, ktor\u00fdch mal r\u00e1d, by bol dal aj \u017eivot, keby bob treba. Toto sa veru nemalo sta\u0165! To\u013eko bolesti! Miro, teraz si zasl\u00fa\u017ei\u0161, aby sme \u0165a riadne vyhre\u0161ili, \u010do si n\u00e1m to spravil !!! Hnev by n\u00e1m mo\u017eno trochu ubral z bolesti. Ve\u010f si mal e\u0161te to\u013eko pl\u00e1nov, nepam\u00e4t\u00e1\u0161 ?!!! A ko\u013eko s\u013eubov ostane nesplnen\u00fdch! Ve\u010f Gabo, tvoj naj lep\u0161\u00ed kamar\u00e1t \u0165a mal predsa sob\u00e1\u0161i\u0165, ty si sa mi t\u00fdm chv\u00e1lil, \u017ee dovtedy sa neo\u017een\u00ed\u0161. Bol\u00ed to, ke\u010f si predstav\u00edm, \u017ee \u0165a neuvid\u00edm zostarn\u00fa\u0165. No aspo\u0148 ostane\u0161 v na\u0161ich srdciach a spomienkach st\u00e1le mlad\u00fd, 22 ro\u010dn\u00fd vesel\u00fd, srandista, vtipk\u00e1r, zab\u00e1va\u010d, dobr\u00fd spev\u00e1k a hlavne dobr\u00fd kamar\u00e1t s v\u00fdnimo\u010dne citliv\u00fdm srdie\u010dkom. To ve\u013ek\u00e9 pr\u00e1zdno po tebe u\u017e nevypln\u00ed nik! <a href=\"http:\/\/www.dusancaplak.sk\/mp3\/M_003.mp3\">Tvoja ob\u013e\u00faben\u00e1 pesni\u010dka<\/a>: \u2026 k\u00f6r k\u00f6zep\u00e9n \u00e1llok, k\u00f6rbe vesznek j\u00f3 bar\u00e1tok \u2026 splnilo sa ti, \u010do si si v\u017edy spieval: stoj\u00edm v strede kruhu a obklopuj\u00fa ma dobr\u00fd kamar\u00e1ti \u2026 \u00c1no, a\u017e na to, \u017ee dnes tu le\u017e\u00ed\u0161. Mal si si to in\u00e1\u010d vymyslie\u0165, aj pri in\u00fdch pr\u00edle\u017eitostiach sa d\u00e1 byt\u2018 v strede kruhu svojich priate\u013eov.<\/p>\n\n\n\n<p><strong>Ak\u00fd bol Miro ?<\/strong><br>Zanada\u0165 ? \u00c1no, vedel. A nie m\u00e1lo! Hneva\u0165 sa? Aj to vedel. Ale nie dlho! Odp\u00fa\u0161\u0165a\u0165? Vedel ve\u013emi dobre! Nadv\u00e4zova\u0165 kontakty? Nemal probl\u00e9m. V tom bol borec. Ubl\u00ed\u017ei\u0165 ? Ur\u010dite aj to vedel.<br>Pom\u00e1ha\u0165? Pomohol v\u017edy ve\u013emi r\u00e1d. Ale v jednom bol v\u00fdnimo\u010dn\u00fd, najviac zo v\u0161etk\u00e9ho vedel \u013e\u00fabi\u0165.<br>Bol mo\u017eno v\u0161elijak\u00fd, ale hlavne citliv\u00fd. A ak\u00fd Miro ostane? Ostane nezabudnute\u013en\u00fd !!!<br>Jedin\u00e9, po \u010dom Miro v \u017eivote najviac t\u00fa\u017eil, a na \u010do vynalo\u017eil najviac \u00fasilia, bola L\u00c1SKA. Vedel \u013e\u00fabi\u0165, niekedy sme z neho mali pocit, \u017ee \u013e\u00fabi\u0165 a\u017e za hranice ako sa len \u013e\u00fabi\u0165 d\u00e1. Pros\u00edm V\u00e1s, u\u017e sa viac nep\u00fdtajte pre\u010do? Ak by sa v nebi r\u00e1talo pod\u013ea toho, ako ve\u013emi a intenz\u00edvne \u010dlovek vie ma\u0165 r\u00e1d, potom som si ist\u00e1, \u017ee z Mirka je u\u017e anjel. Anjel, ktor\u00fd t\u00fa\u017ei a \u010dak\u00e1 na to, aby sme sa \u010dasom zase dok\u00e1zali usmieva\u0165. Nakoniec by som mu venovala kr\u00e1tku b\u00e1se\u0148.<\/p>\n\n\nngg_shortcode_0_placeholder\n\n\n\n<p class=\"has-text-align-center\"><strong>Pre Teba, Drah\u00fd<\/strong><\/p>\n\n\n\n<p class=\"has-text-align-center\">Srdie\u010dko nebije, plamienok vyhasol, Mirko, tvoj \u017eivot, a\u017e pr\u00edli\u0161 kr\u00e1tky bol. Pery m\u00e1\u0161 nehybn\u00e9, ruka tie\u017e strnul\u00e1, predv\u010derom pri\u0161la t\u00e1 osudn\u00e1 hodina.<\/p>\n\n\n\n<p class=\"has-text-align-center\">Odvtedy smutn\u00e1 to chv\u00ed\u013ea., dnes je tu cel\u00e1 rodina. S\u00fa tu v\u0161etci kamar\u00e1ti, cudz\u00ed, nezn\u00e1mi a zn\u00e1mi. Pri\u0161li ti aj kolegovia, slu\u017eba str\u00e1\u017ena, ale ka\u017ed\u00e9ho tv\u00e1r je pr\u00edli\u0161 v\u00e1\u017ena. Viem, \u017ee u\u017e nikdy viac nepr\u00edde\u0161 a u\u017e nikdy ma neob\u00edjme\u0161. K nikomu sa neprit\u00fali\u0161, nepo\u0161epk\u00e1\u0161, \u017ee ho \u013e\u00fabi\u0161.<\/p>\n\n\n\n<p class=\"has-text-align-center\">Hudba Ti u\u017e nehovor\u00ed ni\u010d! Nele\u017e tu! Pros\u00edm! Rad\u0161ej kri\u010d! Spomienka na teba mi d\u00e1va silu, neboj, prekon\u00e1m aj \u0165a\u017ek\u00fa chv\u00ed\u013eu. Odteraz ke\u010f hudbu budem po\u010du\u0165 hra\u0165, posna\u017e\u00edm sa napriek slz\u00e1m pre teba usmia\u0165.<\/p>\n\n\n\n<p class=\"has-text-align-center\">Vydal si sa na dlh\u00fa p\u00fa\u0165, z neba n\u00e1m pros\u00edm ochrancom bu\u010f!<\/p>\n\n\n\n<p class=\"has-text-align-center\">( kamar\u00e1tka<strong> Petra KLENKOV\u00c1<\/strong> )<\/p>\n\n\n\n<div style=\"height:58px\" aria-hidden=\"true\" class=\"wp-block-spacer\"><\/div>\n\n\n\n<h2 class=\"wp-block-heading\">Slavom\u00edr Slov\u00e1k ( 5\/01\/1961 &#8211; 29\/09\/2006)<\/h2>\n\n\n\n<p>HUDOBN\u00cdK A U\u010cITE\u013d SLAVO SLOV\u00c1K PO CEL\u00dd \u017dIVOT \u0160\u00cdRIL MEL\u00d3DIU SRDCA<br>(Slavom\u00edr Slov\u00e1k spieva: <a href=\"http:\/\/www.dusancaplak.sk\/mp3\/S_002.mp3\">Ak nie si moja<\/a>, <a href=\"http:\/\/www.dusancaplak.sk\/mp3\/S_003.mp3\">Mambo no.5<\/a> )<\/p>\n\n\n<div class=\"wp-block-image\">\n<figure class=\"alignleft size-full\"><img loading=\"lazy\" decoding=\"async\" width=\"176\" height=\"250\" src=\"http:\/\/wp.dusancaplak.sk\/wp-content\/uploads\/2026\/02\/foto_spomienka_1.jpg\" alt=\"\" class=\"wp-image-398\"\/><\/figure>\n<\/div>\n\n\n<p>Prv\u00fa okt\u00f3brov\u00fa stredu boli s\u00edce nad obcou Hul mraky, ale nepr\u0161alo. Zato v\u0161etky o\u010di na miestnom cintor\u00edne boli vlhk\u00e9. Na pamiatku neboh\u00e9ho spievali gregori\u00e1nske chor\u00e1ly \u010dlenovia vr\u00e1be\u013esk\u00e9ho katol\u00edckeho zboru. Z reproduktorov zneli piesne, naspievan\u00e9 tunaj\u0161\u00edmi interpretmi Du\u0161anom \u010capl\u00e1kom, \u013dudom Kurucom a Slavom Slov\u00e1kom. Slavovi v\u0161ak u\u017e \u0161uriansky tambur\u00e1\u0161i zahrali naposledy.<\/p>\n\n\n\n<p>Nik z pr\u00edtomn\u00fdch sa ani len nenazdal, \u017ee o necel\u00fd mesiac pr\u00edde zap\u00e1li\u0165 svie\u010dky na Pamiatku zosnul\u00fdch aj na hrob Slava Slov\u00e1ka. Man\u017eelka, pr\u00edbuzn\u00ed, ani on s\u00e1m netu\u0161ili \u017ee choroba m\u00f4\u017ee tak ne\u010dakane vyhasi\u0165 \u017eivot \u0161tyridsa\u0165p\u00e4\u0165ro\u010dn\u00e9ho \u010dloveka. Bolo to c\u00edti\u0165 aj z pr\u00edhovorov, ktor\u00e9 predniesli jeho b\u00fdval\u00ed kolegovia na ZU\u0160 Imricha Godina vo Vr\u00e1b\u013eoch.<\/p>\n\n\n\n<p>\u201eBol to \u0161ok a ja som to postupne musel prija\u0165 ako hol\u00fd fakt, ktor\u00fd bohu\u017eia\u013e u\u017e nik nezmen\u00ed,\u201c prihovoril sa mu nad rakvou \u013dudo Kuruc. \u201eZa 33 rokov n\u00e1\u0161ho priate\u013estva si mi bol ako star\u0161\u00ed brat \u2013 v \u017eiackych \u010dasoch na \u013d\u0160U v \u0160uranoch, aj Bratislave na konzervat\u00f3riu, kde sme pre\u017eili spolu \u0161es\u0165 nezabudnute\u013en\u00fdch rokov. V tvojej hudobnej skupine Atlantic sme odohrali stovky z\u00e1bav, svadieb, plesov, stu\u017ekov\u00fdch. V roku 1994 sme sa stali kolegami ako u\u010ditelia na ZU\u0160 Vr\u00e1ble, kde sme spolu pre\u017eili 12 rokov. Stret\u00e1vali sme sa na mnoh\u00fdch koncertoch, kompoz\u00edci\u00e1ch \u2013 v ktor\u00fdch si figuroval ako hobojista, flautista \u2013 aj vlastn\u00fdch hudobn\u00fdch projektoch. Ned\u00e1 mi nespomen\u00fa\u0165 popul\u00e1rnu s\u00fa\u0165a\u017e amat\u00e9rskych spev\u00e1kov \u017ditavsk\u00e1 kotva, ktorej sa tvoja skupina Atlantic z\u00fa\u010dast\u0148ovala, nesk\u00f4r spev\u00e1cku s\u00fa\u0165a\u017e Sl\u00e1vik Po\u017eitavia, ktorej si bol hlavn\u00fdm organiz\u00e1torom. Bol si akt\u00edvnym muzikantom a\u017e do \u00fapln\u00e9ho konca. Paradoxom zost\u00e1va, \u017ee tvoj prv\u00fd koncert v tomto \u0161kolskom roku bol napl\u00e1novan\u00fd pr\u00e1ve na 4.okt\u00f3bra \u2013 a to je dne\u0161n\u00fd d\u00e1tum. Na tvoj \u00fasmev, ochotu pom\u00e1ha\u0165, nekonfliktn\u00fa povahu a priate\u013estvo, sa mi len ve\u013emi \u0165a\u017eko bude zab\u00fada\u0165.\u201c \u013dudov\u00edt pre na\u0161e Novosti prezradil, \u017ee tento rok sa popri pracovn\u00fdch povinnostiach pripravuje na rel\u00e1ciu let\u00b4 s dance kde bude pravidelne vystupova\u0165. Ka\u017ed\u00fd rok svoj autorsk\u00fd koncert niekomu venoval. Ten piaty bude iste pre Slava, naroden\u00e9ho 5. 1. 1961 a zosnul\u00e9ho v piatok 29. 9. 2006.<\/p>\n\n\n\n<p><strong>ROZL\u00da\u010cILI SME SA S V\u00ddBORN\u00ddM HUDOBN\u00cdKOM A U\u010cITE\u013dOM<\/strong><\/p>\n\n\n\n<p>\u201eSlavo zasv\u00e4til cel\u00fd svoj \u017eivot hudbe. K hudbe a umeniu v\u0161tepoval vz\u0165ah mladej gener\u00e1cii, hudbou rozvese\u013eoval \u013eud\u00ed,\u201c povedal riadite\u013e ZU\u0160 I. Godina vo Vr\u00e1b\u013eoch Jozef Vr\u00e1be\u013e. \u201eJeho \u017eivot bol ako piese\u0148. Striedali sa v \u0148om akordy jasav\u00e9, radostn\u00e9, niekedy i smutnej\u0161ie. \u0160iel cestou \u017eivota, v\u017edy pln\u00fd optimizmu a pl\u00e1nov do bud\u00facna. Siln\u00fd duchom pre\u017eil bohat\u00fd a pestr\u00fd \u017eivot. Dnes stoj\u00edme nad hrobom hudobn\u00edka, u\u010dite\u013ea, ale predov\u0161etk\u00fdm \u010dloveka, ktor\u00e9ho mal ka\u017ed\u00fd r\u00e1d.\u201c Azda najdoj\u00edmavej\u0161\u00edm bol pr\u00edhovor jeden\u00e1s\u0165ro\u010dnej \u017eia\u010dky S. Slov\u00e1ka Kamilky Uhrinovej, ktor\u00e1 \u00fa\u010dinkuje v jednom z muzik\u00e1lov DAB v Nitre. Postaviac sa s ve\u013ek\u00fdm vencom pred mikrof\u00f3n pri truhle tras\u00facim sa detsk\u00fdm hlasom povedala s\u00edce len dve vety, ale sta\u010dili nato, aby dojali v\u0161etk\u00fdch k slz\u00e1m. \u201eP\u00e1n u\u010dite\u013e, m\u00e1me v\u00e1s radi! Zostanete nav\u017edy v na\u0161om srdci!\u201c T\u00fdchto p\u00e1r slov od diev\u010datka, ktor\u00e9 sa rozplakalo zastupovalo v\u0161etky deti, ktor\u00e9 Slavo u\u010dil a pripom\u00ednalo i jeho dc\u00e9ry: jeden\u00e1s\u0165ro\u010dn\u00fa Barborku a \u0161tvorro\u010dn\u00fa Sofiu. Ke\u010f u\u017e boli poukladan\u00e9 v\u0161etky vence a kvety, man\u017eelka Gabika ku kr\u00ed\u017eu polo\u017eila fotografiu, Slavov otec dlho e\u0161te st\u00e1l o barl\u00e1ch pri hrobe a matka pri takomto poh\u013eade poznamenala: \u201eL\u00e1ska na\u0161a, ko\u013eko m\u00e1 kvetov \u2013 za \u0161tyri hroby \u2026\u201c Na stuh\u00e1ch boli venovania od rodiny, priate\u013eov a zn\u00e1mych, M\u0160 z Nesv\u00e1d, kolekt\u00edvu Z\u0160 Ma\u0148a, kolekt\u00edvu Z\u0160 \u010cern\u00edk a Mojzesovo, Z\u0160 \u0160urany, ZU\u0160 Vr\u00e1ble. Jeden hudobn\u00edk dlho st\u00e1l nad hrobom a so slzami k\u00fdval hlavou: \u201eNeuverite\u013en\u00e9\u2026Hr\u00e1vali sme spolu 14 rokov.\u201c Ke\u010f si Du\u0161an \u010capl\u00e1k s man\u017eelkou balili aparat\u00faru, uk\u00e1zali mi CD s n\u00e1zvom Slavo a Du\u0161an, ktor\u00e9 e\u0161te ako slobodn\u00fd nahral so Slavom a poznamenal: \u201eU\u017e je to minulos\u0165ou. Hrali sme spolu 7 rokov.\u201c A spom\u00ednalo sa aj na kare pri fotografi\u00e1ch\u2026<\/p>\n\n\nngg_shortcode_1_placeholder\n\n\n\n<p><strong>SPIEVAL S \u010eURINDOM, OZVU\u010cOVAL MUZIK\u00c1L PINOCCHIO<\/strong><\/p>\n\n\n\n<p>Slavova man\u017eelka Gabika sa nieko\u013eko dn\u00ed po pohrebe ochotne s nami porozpr\u00e1vala aj o tom, kde a kedy sa so Slavom zozn\u00e1mili: \u201eTo bol Slavov najob\u013e\u00fabenej\u0161\u00ed pr\u00edbeh. Na jese\u0148 1993 hral v Dulovciach na plese Matice, posledn\u00fdkr\u00e1t so skupinou Atlantic. Ja som tam spievala s Tambur\u00e1\u0161mi. Hist\u00f3ria Atlanticu sa kon\u010dila a na\u0161a za\u010d\u00ednala. Hudobn\u00edci ma dovtedy nepoznali a boli ve\u013emi prekvapen\u00ed, lebo po skon\u010den\u00ed plesu ne\u0161li domov, ale ma h\u013eadali po \u0160uranoch. Vedeli len moje meno \u2013 nav\u0161t\u00edvili teda b\u00fdval\u00e9ho riadite\u013ea ZU\u0160 Jozefa Kuruca a p\u00fdtali sa na \u201emal\u00fa spev\u00e1\u010dku s menom Gabika\u201c. Ke\u010f zazvonili u n\u00e1s doma a zbadala som ich medzi dverami, zostala som prekvapen\u00e1\u2026Odvtedy sme so Slavom za\u010dali spolu hr\u00e1va\u0165. V lete 1994 sme sa z\u00fa\u010dastnili tradi\u010dnej dolnoohajskej \u017ditavskej kotvy, ktor\u00fa som vyhrala. Slavo ma sl\u00e1vnostne pred cel\u00fdm kult\u00farnym domom po\u017eiadal o ruku. Bola to posledn\u00e1 \u017ditavsk\u00e1 kotva, a akoby ju sl\u00e1vnostne uzatvorili na\u0161e z\u00e1snuby. Hne\u010f v septembri sme sa zobrali.\u201c U\u010dite\u013eka, ktor\u00e1 u\u017e siedmy rok p\u00f4sob\u00ed v Z\u00e1kladnej \u0161kole Mojzesovo &#8211; \u010cern\u00edk, vyhrala ve\u013ea s\u00fa\u0165a\u017e\u00ed, okrem in\u00e9ho aj telev\u00edznu rel\u00e1ciu Sl\u00e1vici na uluci. Slavo u\u017e ako mali\u010dk\u00fd prv\u00e1\u010dik spieval s\u00f3lo v detskom zbore v Slovenskom rozhlase. Na p\u00f3diu kult\u00farneho domu v Dolnom Ohaji st\u00e1l nielen ako spev\u00e1k, ale aj ako herec. V dom\u00e1com arch\u00edve m\u00e1 pam\u00e4tn\u00fa videokazetu divadelnej hry z roku1991 od k\u0148aza Antona H. V\u00e1clava Ducho\u0148, kde ako 30-ro\u010dn\u00fd stv\u00e1rnil knie\u017ea Rastislava, jednu z hlavn\u00fdch post\u00e1v cyrilo-metodsk\u00e9ho obdobia. Uk\u00e1\u017eky tejto hry mala mo\u017enos\u0165 vidie\u0165 i \u0161ir\u0161ia verejnos\u0165 v telev\u00edznej rel\u00e1cii Dobr\u00e1 zves\u0165. V janu\u00e1ri 1991 Slavo vystupoval v Hule so spev\u00e1kom Ma\u0165om \u010eurindom \u2013 priate\u013eom, s ktor\u00fdm si odsl\u00fa\u017eil dva roky z\u00e1kladnej vojenskej slu\u017eby. Organizoval Detsk\u00fdch sl\u00e1vikov, Talent Po\u017eitavia (v porote bola aj Dagmar Rostant). Danka \u010celkov\u00e1, ktor\u00e1 s jeho skupinou spievala tri roky, ho pozvala do poroty Hudobn\u00e9ho rebr\u00ed\u010dka B\u00e1novsk\u00fdch hviezdi\u010diek. Okrem in\u00e9ho ozvu\u010doval aj muzik\u00e1l Pinocchio. Slavo pre \u013eud\u00ed ve\u013ea urobil, nikoho neodmietol a dr\u017eal sa naozaj stato\u010dne. E\u0161te 9. septembra pripravoval rel\u00e1ciu Vtipnej\u0161\u00ed vyhr\u00e1va, ktor\u00fa organizoval Zv\u00e4z Zdravotne postihnut\u00fdch v Hule. Na jeho poslednej akcii sa z\u00fa\u010dastnil aj duchovn\u00fd Roman Gallas, ktor\u00fd ho o necel\u00fd mesiac pochov\u00e1val. Jeho \u017eiaci bud\u00fa e\u0161te dlho pam\u00e4ta\u0165 na svojho u\u010dite\u013ea. Slovami Gabiky: \u201e\u2026to\u013eko det\u00ed, ktor\u00e9 vyrastalo pod jeho rukami, bude \u0161\u00edri\u0165 t\u00fa kr\u00e1snu mel\u00f3diu. Mel\u00f3diu srdca.\u201c<\/p>\n\n\n\n<p>Jana Slobodn\u00edkov\u00e1<br>\u010cl\u00e1nok z nov\u00edn NA\u0160E NOVOSTI<\/p>\n\n\n\n<div class=\"wp-block-group is-nowrap is-layout-flex wp-container-core-group-is-layout-ad2f72ca wp-block-group-is-layout-flex\">\n<figure class=\"wp-block-audio\"><audio controls src=\"http:\/\/www.dusancaplak.sk\/mp3\/M_001.mp3\"><\/audio><\/figure>\n\n\n\n<p><\/p>\n<\/div>\n\n\n\n<p><\/p>\n","protected":false},"excerpt":{"rendered":"<p>Spomienky a my\u0161lienky sa vyn\u00e1raj\u00fa len cez de\u0148, ke\u010f len tak sed\u00edm a pozer\u00e1m sa okolo.Vtedy rozm\u00fd\u0161\u013eam \u010do by som robil, o by som teraz povedal ako to poveda\u0165 a hlavne komu. Sed\u00edm tu s\u00e1m a ku mne let\u00ed my\u0161lienka, u\u017e je tu\u2026 Je to spomienka a priate\u013ea a \u010dloveka, ktor\u00e9ho som mal r\u00e1d, spomienka <a class=\"more-link\" href=\"https:\/\/wp.dusancaplak.sk\/?page_id=75\">Continue reading <i class=\"fa fa-chevron-right\"><\/i><\/a><\/p>\n","protected":false},"author":1,"featured_media":0,"parent":0,"menu_order":0,"comment_status":"closed","ping_status":"closed","template":"","meta":{"ngg_post_thumbnail":0,"footnotes":""},"class_list":["post-75","page","type-page","status-publish","hentry"],"_links":{"self":[{"href":"https:\/\/wp.dusancaplak.sk\/index.php?rest_route=\/wp\/v2\/pages\/75","targetHints":{"allow":["GET"]}}],"collection":[{"href":"https:\/\/wp.dusancaplak.sk\/index.php?rest_route=\/wp\/v2\/pages"}],"about":[{"href":"https:\/\/wp.dusancaplak.sk\/index.php?rest_route=\/wp\/v2\/types\/page"}],"author":[{"embeddable":true,"href":"https:\/\/wp.dusancaplak.sk\/index.php?rest_route=\/wp\/v2\/users\/1"}],"replies":[{"embeddable":true,"href":"https:\/\/wp.dusancaplak.sk\/index.php?rest_route=%2Fwp%2Fv2%2Fcomments&post=75"}],"version-history":[{"count":14,"href":"https:\/\/wp.dusancaplak.sk\/index.php?rest_route=\/wp\/v2\/pages\/75\/revisions"}],"predecessor-version":[{"id":898,"href":"https:\/\/wp.dusancaplak.sk\/index.php?rest_route=\/wp\/v2\/pages\/75\/revisions\/898"}],"wp:attachment":[{"href":"https:\/\/wp.dusancaplak.sk\/index.php?rest_route=%2Fwp%2Fv2%2Fmedia&parent=75"}],"curies":[{"name":"wp","href":"https:\/\/api.w.org\/{rel}","templated":true}]}}